{"id":3107,"date":"2025-02-18T21:29:12","date_gmt":"2025-02-18T20:29:12","guid":{"rendered":"https:\/\/estetika-paradiso.com\/product\/mleko-za-telo-taiga-de-siberie\/"},"modified":"2025-05-14T08:16:06","modified_gmt":"2025-05-14T07:16:06","slug":"mleko-za-telo-taiga-de-siberie","status":"publish","type":"product","link":"https:\/\/estetika-paradiso.com\/hr\/proizvod\/mleko-za-telo-taiga-de-siberie\/","title":{"rendered":"MLIJEKO ZA TIJELO \u2013 Ta\u00efga de Sib\u00e9rie"},"content":{"rendered":"","protected":false},"excerpt":{"rendered":"<p><strong>Brusnica i ginseng \u2013 prirodna anti-age njega<\/strong><br \/>\nBrusnice sadr\u017ee <strong>iznimno visoku koli\u010dinu polifenola i tokotrienola<\/strong>, koji djeluju kao <strong>sna\u017eni antioksidansi<\/strong> i poma\u017eu usporiti <strong>proces starenja ko\u017ee<\/strong>.<\/p>\n<p><strong>Omega-3 i omega-6 masne kiseline<\/strong> intenzivno <strong>njeguju i hidratiziraju epidermu<\/strong>, vra\u0107aju\u0107i ko\u017ei elasti\u010dnost i meko\u0107u.<\/p>\n<p><strong>Ginseng<\/strong> je bogat <strong>ginsenozidima<\/strong> \u2013 molekulama koje <strong>potje\u010du stvaranje kolagena<\/strong> i poti\u010du <strong>obnovu stanica epiderme<\/strong>, \u010dime doprinose \u010dvr\u0161\u0107oj, blistavijoj i mla\u0111oj ko\u017ei.<\/p>\n<p><strong>Koli\u010dina:<\/strong> 200 ml<\/p>\n","protected":false},"featured_media":2359,"template":"","meta":{"_acf_changed":false,"inline_featured_image":false},"product_brand":[],"product_cat":[259,256,255],"product_tag":[],"class_list":{"0":"post-3107","1":"product","2":"type-product","3":"status-publish","4":"has-post-thumbnail","6":"product_cat-losion-za-tijelo","7":"product_cat-njega-tijela","8":"product_cat-tijelo","10":"first","11":"instock","12":"purchasable","13":"product-type-simple"},"acf":[],"_links":{"self":[{"href":"https:\/\/estetika-paradiso.com\/hr\/wp-json\/wp\/v2\/product\/3107","targetHints":{"allow":["GET"]}}],"collection":[{"href":"https:\/\/estetika-paradiso.com\/hr\/wp-json\/wp\/v2\/product"}],"about":[{"href":"https:\/\/estetika-paradiso.com\/hr\/wp-json\/wp\/v2\/types\/product"}],"wp:featuredmedia":[{"embeddable":true,"href":"https:\/\/estetika-paradiso.com\/hr\/wp-json\/wp\/v2\/media\/2359"}],"wp:attachment":[{"href":"https:\/\/estetika-paradiso.com\/hr\/wp-json\/wp\/v2\/media?parent=3107"}],"wp:term":[{"taxonomy":"product_brand","embeddable":true,"href":"https:\/\/estetika-paradiso.com\/hr\/wp-json\/wp\/v2\/product_brand?post=3107"},{"taxonomy":"product_cat","embeddable":true,"href":"https:\/\/estetika-paradiso.com\/hr\/wp-json\/wp\/v2\/product_cat?post=3107"},{"taxonomy":"product_tag","embeddable":true,"href":"https:\/\/estetika-paradiso.com\/hr\/wp-json\/wp\/v2\/product_tag?post=3107"}],"curies":[{"name":"wp","href":"https:\/\/api.w.org\/{rel}","templated":true}]}}