{"id":3114,"date":"2025-02-18T21:29:12","date_gmt":"2025-02-18T20:29:12","guid":{"rendered":"https:\/\/estetika-paradiso.com\/product\/etercell-capsules-anti-age-kapsule\/"},"modified":"2025-05-14T08:28:29","modified_gmt":"2025-05-14T07:28:29","slug":"etercell-capsules-anti-age-kapsule","status":"publish","type":"product","link":"https:\/\/estetika-paradiso.com\/hr\/proizvod\/etercell-capsules-anti-age-kapsule\/","title":{"rendered":"ETERCELL CAPSULES &#8211; ANTI-AGE kapsule"},"content":{"rendered":"","protected":false},"excerpt":{"rendered":"<p><strong>EterCell<\/strong> predstavlja najnoviju znanstvenu inovaciju u <strong>anti-age njezi ko\u017ee<\/strong> i prvi je <strong>europski dodatak prehrani<\/strong> za <strong>pomla\u0111ivanje na razini DNK<\/strong>.<\/p>\n<p>Prirodno <strong>bez glutena<\/strong> i <strong>bez laktoze<\/strong>, ne sadr\u017ei <strong>soju, GMO ni fruktozu<\/strong>. Pogodno za <strong>vegane<\/strong>.<\/p>\n<p><strong>EterCell<\/strong> usporava proces starenja djeluju\u0107i na klju\u010dne markere starenja, kao \u0161to su:<\/p>\n<ul>\n<li><strong>genomska nestabilnost<\/strong><\/li>\n<li><strong>epigenetske promjene<\/strong><\/li>\n<li><strong>skra\u0107ivanje telomera<\/strong><\/li>\n<\/ul>\n<p>Klini\u010dke studije pokazuju da <strong>aktivni sastojak<\/strong> u EterCellu ne samo da <strong>zna\u010dajno usporava biolo\u0161ko starenje<\/strong>, ve\u0107 i <strong>podr\u017eava regeneraciju ko\u017ee<\/strong> na stani\u010dnoj razini uklanjanjem tzv. <strong>zombi stanica<\/strong>, koje ometaju prirodne procese obnove ko\u017ee, \u010dime dolazi do <strong>vidljivog pomla\u0111ivanja<\/strong>.<\/p>\n<p><strong>Pakiranje:<\/strong> 90 kapsula (neto 45 g)<\/p>\n","protected":false},"featured_media":2368,"template":"","meta":{"_acf_changed":false,"inline_featured_image":false},"product_brand":[],"product_cat":[201,215,223,217],"product_tag":[],"class_list":{"0":"post-3114","1":"product","2":"type-product","3":"status-publish","4":"has-post-thumbnail","6":"product_cat-lice","7":"product_cat-njega-lica-hr","8":"product_cat-serum-za-lice","9":"product_cat-uklanjanje-bora","11":"first","12":"instock","13":"purchasable","14":"product-type-simple"},"acf":[],"_links":{"self":[{"href":"https:\/\/estetika-paradiso.com\/hr\/wp-json\/wp\/v2\/product\/3114","targetHints":{"allow":["GET"]}}],"collection":[{"href":"https:\/\/estetika-paradiso.com\/hr\/wp-json\/wp\/v2\/product"}],"about":[{"href":"https:\/\/estetika-paradiso.com\/hr\/wp-json\/wp\/v2\/types\/product"}],"wp:featuredmedia":[{"embeddable":true,"href":"https:\/\/estetika-paradiso.com\/hr\/wp-json\/wp\/v2\/media\/2368"}],"wp:attachment":[{"href":"https:\/\/estetika-paradiso.com\/hr\/wp-json\/wp\/v2\/media?parent=3114"}],"wp:term":[{"taxonomy":"product_brand","embeddable":true,"href":"https:\/\/estetika-paradiso.com\/hr\/wp-json\/wp\/v2\/product_brand?post=3114"},{"taxonomy":"product_cat","embeddable":true,"href":"https:\/\/estetika-paradiso.com\/hr\/wp-json\/wp\/v2\/product_cat?post=3114"},{"taxonomy":"product_tag","embeddable":true,"href":"https:\/\/estetika-paradiso.com\/hr\/wp-json\/wp\/v2\/product_tag?post=3114"}],"curies":[{"name":"wp","href":"https:\/\/api.w.org\/{rel}","templated":true}]}}