{"id":3119,"date":"2025-02-18T21:28:57","date_gmt":"2025-02-18T20:28:57","guid":{"rendered":"https:\/\/estetika-paradiso.com\/product\/darilni-bon-za-energijski-body-work-mtvss\/"},"modified":"2025-05-14T10:30:00","modified_gmt":"2025-05-14T09:30:00","slug":"darilni-bon-za-energijski-body-work-mtvss","status":"publish","type":"product","link":"https:\/\/estetika-paradiso.com\/hr\/proizvod\/darilni-bon-za-energijski-body-work-mtvss\/","title":{"rendered":"Poklon bon za Energijski Body Work &#8211; MTVSS"},"content":{"rendered":"","protected":false},"excerpt":{"rendered":"<div class=\"elementor-price-list-text\">\n<div class=\"elementor-price-list-text\">\n<p>Naravno ja\u010da sve sustave tvog tijela: <strong>imunolo\u0161ki, di\u0161ni, probavni, hormonski, limfni, metaboli\u010dki, \u017eiv\u010dani sustav<\/strong>, kao i <strong>reproduktivne organe, ko\u017eu i kosti<\/strong>.<\/p>\n<p><strong>Trajanje tretmana:<\/strong> 60 minuta.<\/p>\n<\/div>\n<\/div>\n","protected":false},"featured_media":3904,"template":"","meta":{"_acf_changed":false,"inline_featured_image":false},"product_brand":[],"product_cat":[204,199],"product_tag":[],"class_list":{"0":"post-3119","1":"product","2":"type-product","3":"status-publish","4":"has-post-thumbnail","6":"product_cat-energetski-body-work","7":"product_cat-poklon-bonovi","9":"first","10":"instock","11":"purchasable","12":"product-type-simple"},"acf":[],"_links":{"self":[{"href":"https:\/\/estetika-paradiso.com\/hr\/wp-json\/wp\/v2\/product\/3119","targetHints":{"allow":["GET"]}}],"collection":[{"href":"https:\/\/estetika-paradiso.com\/hr\/wp-json\/wp\/v2\/product"}],"about":[{"href":"https:\/\/estetika-paradiso.com\/hr\/wp-json\/wp\/v2\/types\/product"}],"wp:featuredmedia":[{"embeddable":true,"href":"https:\/\/estetika-paradiso.com\/hr\/wp-json\/wp\/v2\/media\/3904"}],"wp:attachment":[{"href":"https:\/\/estetika-paradiso.com\/hr\/wp-json\/wp\/v2\/media?parent=3119"}],"wp:term":[{"taxonomy":"product_brand","embeddable":true,"href":"https:\/\/estetika-paradiso.com\/hr\/wp-json\/wp\/v2\/product_brand?post=3119"},{"taxonomy":"product_cat","embeddable":true,"href":"https:\/\/estetika-paradiso.com\/hr\/wp-json\/wp\/v2\/product_cat?post=3119"},{"taxonomy":"product_tag","embeddable":true,"href":"https:\/\/estetika-paradiso.com\/hr\/wp-json\/wp\/v2\/product_tag?post=3119"}],"curies":[{"name":"wp","href":"https:\/\/api.w.org\/{rel}","templated":true}]}}