{"id":3127,"date":"2025-02-18T21:28:57","date_gmt":"2025-02-18T20:28:57","guid":{"rendered":"https:\/\/estetika-paradiso.com\/product\/femmediva-prehransko-dopolnilo-za-vitalnost-in-ravnovesje-3-skatle\/"},"modified":"2025-05-14T11:38:37","modified_gmt":"2025-05-14T10:38:37","slug":"femmediva-prehransko-dopolnilo-za-vitalnost-in-ravnovesje-3-skatle","status":"publish","type":"product","link":"https:\/\/estetika-paradiso.com\/hr\/proizvod\/femmediva-prehransko-dopolnilo-za-vitalnost-in-ravnovesje-3-skatle\/","title":{"rendered":"FemmeDiva \u2013 dodatak prehrani za vitalnost i ravnote\u017eu (3 kutije)"},"content":{"rendered":"","protected":false},"excerpt":{"rendered":"<p><strong>FemmeDiva<\/strong> je dodatak prehrani razvijen u suradnji sa stru\u010dnjacima za prehranu. Kombinira snagu prirodnih sastojaka poput <strong>magnezija, a\u0161vagande, ekstrakta sladi\u0107a, gljive reishi, valerijane<\/strong> te vitamina <strong>B2 i B12<\/strong>, koji zajedno \u010dine jedinstvenu formulu.<\/p>\n<p><strong>FemmeDiva:<\/strong><\/p>\n<ul>\n<li>podr\u017eava prirodnu hormonalnu ravnote\u017eu<\/li>\n<li>doprinosi prirodnoj energiji i vitalnosti<\/li>\n<li>poma\u017ee u smanjenju stresa i tjeskobe<\/li>\n<li>podr\u017eava funkciju imunolo\u0161kog sustava<\/li>\n<li>poma\u017ee u smanjenju nadutosti i poti\u010de zdrav probavni sustav<\/li>\n<li>podr\u017eava regeneraciju tijela<\/li>\n<li>doprinosi pobolj\u0161anju kvalitete sna<\/li>\n<\/ul>\n<p>Ako tra\u017eite prirodan put do boljeg osje\u0107aja i ravnote\u017ee, <strong>FemmeDiva je pravi izbor za vas<\/strong>.<\/p>\n<p>Proizvod <strong>ne sadr\u017ei dodane \u0161e\u0107ere ni umjetne aditive<\/strong>, <strong>bez laktoze<\/strong> i <strong>bez glutena<\/strong>, te je <strong>pogodan za vegane<\/strong>.<\/p>\n","protected":false},"featured_media":2341,"template":"","meta":{"_acf_changed":false,"inline_featured_image":false},"product_brand":[],"product_cat":[196,197],"product_tag":[],"class_list":{"0":"post-3127","1":"product","2":"type-product","3":"status-publish","4":"has-post-thumbnail","6":"product_cat-dodaci-prehrani","7":"product_cat-akcijska-ponuda-hr","9":"first","10":"instock","11":"sale","12":"purchasable","13":"product-type-simple"},"acf":[],"_links":{"self":[{"href":"https:\/\/estetika-paradiso.com\/hr\/wp-json\/wp\/v2\/product\/3127","targetHints":{"allow":["GET"]}}],"collection":[{"href":"https:\/\/estetika-paradiso.com\/hr\/wp-json\/wp\/v2\/product"}],"about":[{"href":"https:\/\/estetika-paradiso.com\/hr\/wp-json\/wp\/v2\/types\/product"}],"wp:featuredmedia":[{"embeddable":true,"href":"https:\/\/estetika-paradiso.com\/hr\/wp-json\/wp\/v2\/media\/2341"}],"wp:attachment":[{"href":"https:\/\/estetika-paradiso.com\/hr\/wp-json\/wp\/v2\/media?parent=3127"}],"wp:term":[{"taxonomy":"product_brand","embeddable":true,"href":"https:\/\/estetika-paradiso.com\/hr\/wp-json\/wp\/v2\/product_brand?post=3127"},{"taxonomy":"product_cat","embeddable":true,"href":"https:\/\/estetika-paradiso.com\/hr\/wp-json\/wp\/v2\/product_cat?post=3127"},{"taxonomy":"product_tag","embeddable":true,"href":"https:\/\/estetika-paradiso.com\/hr\/wp-json\/wp\/v2\/product_tag?post=3127"}],"curies":[{"name":"wp","href":"https:\/\/api.w.org\/{rel}","templated":true}]}}