{"id":3136,"date":"2025-02-18T21:28:57","date_gmt":"2025-02-18T20:28:57","guid":{"rendered":"https:\/\/estetika-paradiso.com\/product\/mezoterapija-premium\/"},"modified":"2025-05-14T12:20:16","modified_gmt":"2025-05-14T11:20:16","slug":"mezoterapija-premium","status":"publish","type":"product","link":"https:\/\/estetika-paradiso.com\/hr\/proizvod\/mezoterapija-premium\/","title":{"rendered":"Mezoterapija premium"},"content":{"rendered":"","protected":false},"excerpt":{"rendered":"<div class=\"elementor-price-list-text\">\n<div class=\"elementor-price-list-text\">\n<p>Uz na\u0161 najmoderniji ure\u0111aj <strong>DERMEDICS\u2122<\/strong> razvili smo <strong>poseban tretman bez gela<\/strong>, koji koristi <strong>napredne tehnologije<\/strong> za <strong>u\u010dinkovito pomla\u0111ivanje ko\u017ee<\/strong> i <strong>rje\u0161avanje razli\u010ditih problema<\/strong> kao \u0161to su:<\/p>\n<ul>\n<li>akne<\/li>\n<li>strije<\/li>\n<li>celulit<\/li>\n<li>pigmentacijske mrlje<\/li>\n<li>bore<\/li>\n<li>prorje\u0111ivanje kose<\/li>\n<li>i mnogi drugi<\/li>\n<\/ul>\n<p>Tretman je <strong>bezbolan<\/strong>, <strong>potpuno siguran<\/strong> i <strong>prikladan za sve tipove ko\u017ee<\/strong>.<\/p>\n<p><strong>Trajanje:<\/strong> 40 minuta<\/p>\n<\/div>\n<\/div>\n","protected":false},"featured_media":3904,"template":"","meta":{"_acf_changed":false,"inline_featured_image":false},"product_brand":[],"product_cat":[207,199],"product_tag":[],"class_list":{"0":"post-3136","1":"product","2":"type-product","3":"status-publish","4":"has-post-thumbnail","6":"product_cat-njega-lica","7":"product_cat-poklon-bonovi","9":"first","10":"instock","11":"purchasable","12":"product-type-simple"},"acf":[],"_links":{"self":[{"href":"https:\/\/estetika-paradiso.com\/hr\/wp-json\/wp\/v2\/product\/3136","targetHints":{"allow":["GET"]}}],"collection":[{"href":"https:\/\/estetika-paradiso.com\/hr\/wp-json\/wp\/v2\/product"}],"about":[{"href":"https:\/\/estetika-paradiso.com\/hr\/wp-json\/wp\/v2\/types\/product"}],"wp:featuredmedia":[{"embeddable":true,"href":"https:\/\/estetika-paradiso.com\/hr\/wp-json\/wp\/v2\/media\/3904"}],"wp:attachment":[{"href":"https:\/\/estetika-paradiso.com\/hr\/wp-json\/wp\/v2\/media?parent=3136"}],"wp:term":[{"taxonomy":"product_brand","embeddable":true,"href":"https:\/\/estetika-paradiso.com\/hr\/wp-json\/wp\/v2\/product_brand?post=3136"},{"taxonomy":"product_cat","embeddable":true,"href":"https:\/\/estetika-paradiso.com\/hr\/wp-json\/wp\/v2\/product_cat?post=3136"},{"taxonomy":"product_tag","embeddable":true,"href":"https:\/\/estetika-paradiso.com\/hr\/wp-json\/wp\/v2\/product_tag?post=3136"}],"curies":[{"name":"wp","href":"https:\/\/api.w.org\/{rel}","templated":true}]}}