{"id":3140,"date":"2025-02-18T21:28:57","date_gmt":"2025-02-18T20:28:57","guid":{"rendered":"https:\/\/estetika-paradiso.com\/product\/lmx-lia-c6-ultralight-fluid\/"},"modified":"2025-05-14T12:25:46","modified_gmt":"2025-05-14T11:25:46","slug":"lmx-lia-c6-ultralight-fluid","status":"publish","type":"product","link":"https:\/\/estetika-paradiso.com\/hr\/proizvod\/lmx-lia-c6-ultralight-fluid\/","title":{"rendered":"LMX LIA C6 ULTRALIGHT FLUID"},"content":{"rendered":"","protected":false},"excerpt":{"rendered":"<div class=\"short-description\">\n<p><strong>LMX LIA C6\u00ae ULTRALIGHT FLUID<\/strong> je <strong>ultralagana dnevna krema<\/strong>, pogodna i za <strong>osjetljivu ko\u017eu<\/strong>. Posebno je formulirana za tipove ko\u017ee <strong>sklone aknama<\/strong>, <strong>crvenilu (kuperozi)<\/strong> ili <strong>iritacijama<\/strong>.<\/p>\n<p>Zahvaljuju\u0107i <strong>formuli bez mirisa i konzervansa<\/strong>, idealna je za <strong>svakodnevnu upotrebu<\/strong>.<\/p>\n<h3>Klju\u010dne prednosti:<\/h3>\n<p>U\u010dinkovitost LMX ULTRALIGHT FLUIDA temelji se na:<\/p>\n<ul>\n<li><strong>LMX osnovi<\/strong> (hidrirani fosfatidilkolin, ceramidi, lignocerinska kiselina), koja intenzivno <strong>obnavlja ko\u017enu barijeru<\/strong><\/li>\n<li><strong>Ekstraktu bosvelije (tamjan)<\/strong> koji smiruje ko\u017eu i <strong>smanjuje upale<\/strong><\/li>\n<li><strong>Naprednom peptidu nove generacije<\/strong> koji djeluje <strong>protuupalno i antimikrobno<\/strong>, podr\u017eavaju\u0107i <strong>zdrav mikrobiom ko\u017ee<\/strong><\/li>\n<\/ul>\n<p>Krema je:<\/p>\n<ul>\n<li><strong>iznimno lagana<\/strong>, <strong>neza\u010depljuju\u0107a (nekomedogena)<\/strong><\/li>\n<li><strong>nemasna<\/strong>, brzo se upija<\/li>\n<li>ostavlja <strong>svilenkast osje\u0107aj<\/strong> na ko\u017ei<\/li>\n<\/ul>\n<p><strong>Pakiranje:<\/strong> dozirka 50 ml<\/p>\n<\/div>\n","protected":false},"featured_media":2353,"template":"","meta":{"_acf_changed":false,"inline_featured_image":false},"product_brand":[],"product_cat":[201,215,220,243,239],"product_tag":[],"class_list":{"0":"post-3140","1":"product","2":"type-product","3":"status-publish","4":"has-post-thumbnail","6":"product_cat-lice","7":"product_cat-njega-lica-hr","8":"product_cat-nocne-kreme-hr","9":"product_cat-osjetljiva-koza","10":"product_cat-tip-koze-hr","12":"first","13":"instock","14":"purchasable","15":"product-type-simple"},"acf":[],"_links":{"self":[{"href":"https:\/\/estetika-paradiso.com\/hr\/wp-json\/wp\/v2\/product\/3140","targetHints":{"allow":["GET"]}}],"collection":[{"href":"https:\/\/estetika-paradiso.com\/hr\/wp-json\/wp\/v2\/product"}],"about":[{"href":"https:\/\/estetika-paradiso.com\/hr\/wp-json\/wp\/v2\/types\/product"}],"wp:featuredmedia":[{"embeddable":true,"href":"https:\/\/estetika-paradiso.com\/hr\/wp-json\/wp\/v2\/media\/2353"}],"wp:attachment":[{"href":"https:\/\/estetika-paradiso.com\/hr\/wp-json\/wp\/v2\/media?parent=3140"}],"wp:term":[{"taxonomy":"product_brand","embeddable":true,"href":"https:\/\/estetika-paradiso.com\/hr\/wp-json\/wp\/v2\/product_brand?post=3140"},{"taxonomy":"product_cat","embeddable":true,"href":"https:\/\/estetika-paradiso.com\/hr\/wp-json\/wp\/v2\/product_cat?post=3140"},{"taxonomy":"product_tag","embeddable":true,"href":"https:\/\/estetika-paradiso.com\/hr\/wp-json\/wp\/v2\/product_tag?post=3140"}],"curies":[{"name":"wp","href":"https:\/\/api.w.org\/{rel}","templated":true}]}}