{"id":3142,"date":"2025-02-18T21:28:44","date_gmt":"2025-02-18T20:28:44","guid":{"rendered":"https:\/\/estetika-paradiso.com\/product\/darilni-bon-za-nego-obraza-forever-young\/"},"modified":"2025-05-14T13:07:08","modified_gmt":"2025-05-14T12:07:08","slug":"darilni-bon-za-nego-obraza-forever-young","status":"publish","type":"product","link":"https:\/\/estetika-paradiso.com\/hr\/proizvod\/darilni-bon-za-nego-obraza-forever-young\/","title":{"rendered":"Poklon bon za njegu lica Forever young"},"content":{"rendered":"","protected":false},"excerpt":{"rendered":"<p><strong>Pomla\u0111uju\u0107a njega lica<\/strong> koja uklju\u010duje <strong>autorsku kombinaciju kemijskog pilinga i fotopomla\u0111ivanja s IPL-om<\/strong>.<\/p>\n<p>Ovaj tretman je idealan za:<\/p>\n<ul>\n<li><strong>osvje\u017eenje umorne i be\u017eivotne ko\u017ee<\/strong><\/li>\n<li><strong>smanjenje povr\u0161inskih teksturalnih nepravilnosti<\/strong><\/li>\n<li><strong>pobolj\u0161anje tonusa<\/strong><\/li>\n<li><strong>ujedna\u010davanje tena ko\u017ee<\/strong><\/li>\n<\/ul>\n<p>Postupak je nje\u017ean, a rezultati vidno zagla\u0111ena, svje\u017eija i revitalizirana ko\u017ea.<\/p>\n","protected":false},"featured_media":3904,"template":"","meta":{"_acf_changed":false,"inline_featured_image":false},"product_brand":[],"product_cat":[202,199],"product_tag":[],"class_list":{"0":"post-3142","1":"product","2":"type-product","3":"status-publish","4":"has-post-thumbnail","6":"product_cat-aparaturne-njege-lica","7":"product_cat-poklon-bonovi","9":"first","10":"instock","11":"purchasable","12":"product-type-simple"},"acf":[],"_links":{"self":[{"href":"https:\/\/estetika-paradiso.com\/hr\/wp-json\/wp\/v2\/product\/3142","targetHints":{"allow":["GET"]}}],"collection":[{"href":"https:\/\/estetika-paradiso.com\/hr\/wp-json\/wp\/v2\/product"}],"about":[{"href":"https:\/\/estetika-paradiso.com\/hr\/wp-json\/wp\/v2\/types\/product"}],"wp:featuredmedia":[{"embeddable":true,"href":"https:\/\/estetika-paradiso.com\/hr\/wp-json\/wp\/v2\/media\/3904"}],"wp:attachment":[{"href":"https:\/\/estetika-paradiso.com\/hr\/wp-json\/wp\/v2\/media?parent=3142"}],"wp:term":[{"taxonomy":"product_brand","embeddable":true,"href":"https:\/\/estetika-paradiso.com\/hr\/wp-json\/wp\/v2\/product_brand?post=3142"},{"taxonomy":"product_cat","embeddable":true,"href":"https:\/\/estetika-paradiso.com\/hr\/wp-json\/wp\/v2\/product_cat?post=3142"},{"taxonomy":"product_tag","embeddable":true,"href":"https:\/\/estetika-paradiso.com\/hr\/wp-json\/wp\/v2\/product_tag?post=3142"}],"curies":[{"name":"wp","href":"https:\/\/api.w.org\/{rel}","templated":true}]}}