{"id":3146,"date":"2025-02-18T21:28:44","date_gmt":"2025-02-18T20:28:44","guid":{"rendered":"https:\/\/estetika-paradiso.com\/product\/darilni-bon-za-nego-obraza-diamond-lift\/"},"modified":"2025-07-14T13:15:57","modified_gmt":"2025-07-14T12:15:57","slug":"darilni-bon-za-nego-obraza-diamond-lift","status":"publish","type":"product","link":"https:\/\/estetika-paradiso.com\/hr\/proizvod\/darilni-bon-za-nego-obraza-diamond-lift\/","title":{"rendered":"Poklon bon za njegu lica Diamond lift"},"content":{"rendered":"","protected":false},"excerpt":{"rendered":"<p>Anti-age tretman koji uklju\u010duje kombinaciju microneedlinga i radiofrekvencijske terapije. Terapija je namijenjena restrukturiranju i obnovi ko\u017ee, a uz razli\u010dite postavke i postupke omogu\u0107uje u\u010dinkovito zagla\u0111ivanje bora, pove\u0107ava \u010dvrsto\u0107u i elasti\u010dnost ko\u017ee, smanjuje o\u017eiljke i pigmentacijske mrlje te poti\u010de stvaranje novog kolagena i elastina.<\/p>\n","protected":false},"featured_media":3904,"template":"","meta":{"_acf_changed":false,"inline_featured_image":false},"product_brand":[],"product_cat":[202,199],"product_tag":[],"class_list":{"0":"post-3146","1":"product","2":"type-product","3":"status-publish","4":"has-post-thumbnail","6":"product_cat-aparaturne-njege-lica","7":"product_cat-poklon-bonovi","9":"first","10":"instock","11":"purchasable","12":"product-type-simple"},"acf":[],"_links":{"self":[{"href":"https:\/\/estetika-paradiso.com\/hr\/wp-json\/wp\/v2\/product\/3146","targetHints":{"allow":["GET"]}}],"collection":[{"href":"https:\/\/estetika-paradiso.com\/hr\/wp-json\/wp\/v2\/product"}],"about":[{"href":"https:\/\/estetika-paradiso.com\/hr\/wp-json\/wp\/v2\/types\/product"}],"wp:featuredmedia":[{"embeddable":true,"href":"https:\/\/estetika-paradiso.com\/hr\/wp-json\/wp\/v2\/media\/3904"}],"wp:attachment":[{"href":"https:\/\/estetika-paradiso.com\/hr\/wp-json\/wp\/v2\/media?parent=3146"}],"wp:term":[{"taxonomy":"product_brand","embeddable":true,"href":"https:\/\/estetika-paradiso.com\/hr\/wp-json\/wp\/v2\/product_brand?post=3146"},{"taxonomy":"product_cat","embeddable":true,"href":"https:\/\/estetika-paradiso.com\/hr\/wp-json\/wp\/v2\/product_cat?post=3146"},{"taxonomy":"product_tag","embeddable":true,"href":"https:\/\/estetika-paradiso.com\/hr\/wp-json\/wp\/v2\/product_tag?post=3146"}],"curies":[{"name":"wp","href":"https:\/\/api.w.org\/{rel}","templated":true}]}}