{"id":3150,"date":"2025-02-18T21:28:44","date_gmt":"2025-02-18T20:28:44","guid":{"rendered":"https:\/\/estetika-paradiso.com\/product\/darilni-bon-za-nego-obraza-pure-skin\/"},"modified":"2025-05-14T13:06:13","modified_gmt":"2025-05-14T12:06:13","slug":"darilni-bon-za-nego-obraza-pure-skin","status":"publish","type":"product","link":"https:\/\/estetika-paradiso.com\/hr\/proizvod\/darilni-bon-za-nego-obraza-pure-skin\/","title":{"rendered":"Poklon bon za njegu lica Pure skin"},"content":{"rendered":"","protected":false},"excerpt":{"rendered":"<p><strong>\u010cistilna njega lica<\/strong> koja uklju\u010duje <strong>autorsku kombinaciju kemijskog pilinga i IPL tehnologije<\/strong>.<\/p>\n<p>Namijenjena je tretiranju:<\/p>\n<ul>\n<li><strong>masne i problemati\u010dne ko\u017ee s nepravilnostima i aknama<\/strong><\/li>\n<li><strong>pro\u0161irenih pora<\/strong><\/li>\n<li><strong>pove\u0107anog lu\u010denja sebuma<\/strong><\/li>\n<\/ul>\n<p>Tretman u\u010dinkovito <strong>pro\u010di\u0161\u0107ava ko\u017eu<\/strong>, <strong>regulira masno\u0107u<\/strong> in <strong>pobolj\u0161ava teksturu ko\u017ee<\/strong>.<\/p>\n","protected":false},"featured_media":3904,"template":"","meta":{"_acf_changed":false,"inline_featured_image":false},"product_brand":[],"product_cat":[202,199],"product_tag":[],"class_list":{"0":"post-3150","1":"product","2":"type-product","3":"status-publish","4":"has-post-thumbnail","6":"product_cat-aparaturne-njege-lica","7":"product_cat-poklon-bonovi","9":"first","10":"instock","11":"purchasable","12":"product-type-simple"},"acf":[],"_links":{"self":[{"href":"https:\/\/estetika-paradiso.com\/hr\/wp-json\/wp\/v2\/product\/3150","targetHints":{"allow":["GET"]}}],"collection":[{"href":"https:\/\/estetika-paradiso.com\/hr\/wp-json\/wp\/v2\/product"}],"about":[{"href":"https:\/\/estetika-paradiso.com\/hr\/wp-json\/wp\/v2\/types\/product"}],"wp:featuredmedia":[{"embeddable":true,"href":"https:\/\/estetika-paradiso.com\/hr\/wp-json\/wp\/v2\/media\/3904"}],"wp:attachment":[{"href":"https:\/\/estetika-paradiso.com\/hr\/wp-json\/wp\/v2\/media?parent=3150"}],"wp:term":[{"taxonomy":"product_brand","embeddable":true,"href":"https:\/\/estetika-paradiso.com\/hr\/wp-json\/wp\/v2\/product_brand?post=3150"},{"taxonomy":"product_cat","embeddable":true,"href":"https:\/\/estetika-paradiso.com\/hr\/wp-json\/wp\/v2\/product_cat?post=3150"},{"taxonomy":"product_tag","embeddable":true,"href":"https:\/\/estetika-paradiso.com\/hr\/wp-json\/wp\/v2\/product_tag?post=3150"}],"curies":[{"name":"wp","href":"https:\/\/api.w.org\/{rel}","templated":true}]}}