{"id":3156,"date":"2025-02-18T21:28:44","date_gmt":"2025-02-18T20:28:44","guid":{"rendered":"https:\/\/estetika-paradiso.com\/product\/darilni-bon-za-romanticno-kopel-doplacilo-za-dodatno-uro-60-min\/"},"modified":"2025-05-14T13:16:14","modified_gmt":"2025-05-14T12:16:14","slug":"darilni-bon-za-romanticno-kopel-doplacilo-za-dodatno-uro-60-min","status":"publish","type":"product","link":"https:\/\/estetika-paradiso.com\/hr\/proizvod\/darilni-bon-za-romanticno-kopel-doplacilo-za-dodatno-uro-60-min\/","title":{"rendered":"Poklon bon za romanti\u010dnu kupku \u2013 doplata za dodatni sat (60 min)"},"content":{"rendered":"","protected":false},"excerpt":{"rendered":"<p><strong>Uklju\u010duje zakup DODATNOG SATA (60 min)<\/strong>, koji se mo\u017ee iskoristiti <strong>isklju\u010divo kao produ\u017eetak postoje\u0107eg termina<\/strong> (pri kori\u0161tenju termina za <strong>romanti\u010dnu kupku (120 min)<\/strong>, <strong>romanti\u010dnu kupku s masa\u017eom (150 min)<\/strong>, <strong>sanjani spoj (180 min)<\/strong> ili <strong>Paradiso Prestige<\/strong>).<\/p>\n<p><strong>Dodatni sat nije mogu\u0107e koristiti samostalno.<\/strong><\/p>\n","protected":false},"featured_media":3904,"template":"","meta":{"_acf_changed":false,"inline_featured_image":false},"product_brand":[],"product_cat":[199,212],"product_tag":[],"class_list":{"0":"post-3156","1":"product","2":"type-product","3":"status-publish","4":"has-post-thumbnail","6":"product_cat-poklon-bonovi","7":"product_cat-programi-za-parove","9":"first","10":"instock","11":"purchasable","12":"product-type-simple"},"acf":[],"_links":{"self":[{"href":"https:\/\/estetika-paradiso.com\/hr\/wp-json\/wp\/v2\/product\/3156","targetHints":{"allow":["GET"]}}],"collection":[{"href":"https:\/\/estetika-paradiso.com\/hr\/wp-json\/wp\/v2\/product"}],"about":[{"href":"https:\/\/estetika-paradiso.com\/hr\/wp-json\/wp\/v2\/types\/product"}],"wp:featuredmedia":[{"embeddable":true,"href":"https:\/\/estetika-paradiso.com\/hr\/wp-json\/wp\/v2\/media\/3904"}],"wp:attachment":[{"href":"https:\/\/estetika-paradiso.com\/hr\/wp-json\/wp\/v2\/media?parent=3156"}],"wp:term":[{"taxonomy":"product_brand","embeddable":true,"href":"https:\/\/estetika-paradiso.com\/hr\/wp-json\/wp\/v2\/product_brand?post=3156"},{"taxonomy":"product_cat","embeddable":true,"href":"https:\/\/estetika-paradiso.com\/hr\/wp-json\/wp\/v2\/product_cat?post=3156"},{"taxonomy":"product_tag","embeddable":true,"href":"https:\/\/estetika-paradiso.com\/hr\/wp-json\/wp\/v2\/product_tag?post=3156"}],"curies":[{"name":"wp","href":"https:\/\/api.w.org\/{rel}","templated":true}]}}