{"id":3172,"date":"2025-02-18T21:28:21","date_gmt":"2025-02-18T20:28:21","guid":{"rendered":"https:\/\/estetika-paradiso.com\/product\/mgnificent-magnezijevo-olje\/"},"modified":"2025-05-16T08:25:02","modified_gmt":"2025-05-16T07:25:02","slug":"mgnificent-magnezijevo-olje","status":"publish","type":"product","link":"https:\/\/estetika-paradiso.com\/hr\/proizvod\/mgnificent-magnezijevo-olje\/","title":{"rendered":"Mgnificent magnezijevo ulje"},"content":{"rendered":"","protected":false},"excerpt":{"rendered":"<p data-start=\"0\" data-end=\"68\"><strong data-start=\"0\" data-end=\"31\"><span class=\"_fadeIn_m1hgl_8\">Magnezijevo <\/span><span class=\"_fadeIn_m1hgl_8\">ulje <\/span><span class=\"_fadeIn_m1hgl_8\">Mgnificent<\/span><\/strong><span class=\"_fadeIn_m1hgl_8\"> \u2013 <\/span><span class=\"_fadeIn_m1hgl_8\">prirodna <\/span><span class=\"_fadeIn_m1hgl_8\">snaga <\/span><span class=\"_fadeIn_m1hgl_8\">iz <\/span><span class=\"_fadeIn_m1hgl_8\">naj\u010di\u0161\u0107eg <\/span><span class=\"_fadeIn_m1hgl_8\">izvora<\/span><\/p>\n<p data-start=\"70\" data-end=\"281\"><span class=\"_fadeIn_m1hgl_8\">Magnezijevo <\/span><span class=\"_fadeIn_m1hgl_8\">ulje <\/span><span class=\"_fadeIn_m1hgl_8\">Mgnificent <\/span><span class=\"_fadeIn_m1hgl_8\">potje\u010de <\/span><span class=\"_fadeIn_m1hgl_8\">iz <\/span><strong data-start=\"109\" data-end=\"164\"><span class=\"_fadeIn_m1hgl_8\">naj\u010di\u0161\u0107eg <\/span><span class=\"_fadeIn_m1hgl_8\">i <\/span><span class=\"_fadeIn_m1hgl_8\">nezaga\u0111enog <\/span><span class=\"_fadeIn_m1hgl_8\">prirodnog <\/span><span class=\"_fadeIn_m1hgl_8\">izvora <\/span><span class=\"_fadeIn_m1hgl_8\">na <\/span><span class=\"_fadeIn_m1hgl_8\">svijetu<\/span><\/strong><span class=\"_fadeIn_m1hgl_8\"> \u2013 <\/span><span class=\"_fadeIn_m1hgl_8\">ostataka <\/span><strong data-start=\"176\" data-end=\"221\"><span class=\"_fadeIn_m1hgl_8\">250 <\/span><span class=\"_fadeIn_m1hgl_8\">milijuna <\/span><span class=\"_fadeIn_m1hgl_8\">godina <\/span><span class=\"_fadeIn_m1hgl_8\">starog <\/span><span class=\"_fadeIn_m1hgl_8\">Zechstein <\/span><span class=\"_fadeIn_m1hgl_8\">mora<\/span><\/strong><span class=\"_fadeIn_m1hgl_8\">, <\/span><span class=\"_fadeIn_m1hgl_8\">smje\u0161tenog <\/span><span class=\"_fadeIn_m1hgl_8\">duboko <\/span><span class=\"_fadeIn_m1hgl_8\">ispod <\/span><span class=\"_fadeIn_m1hgl_8\">povr\u0161ine <\/span><span class=\"_fadeIn_m1hgl_8\">zemlje <\/span><span class=\"_fadeIn_m1hgl_8\">u <\/span><strong data-start=\"265\" data-end=\"280\"><span class=\"_fadeIn_m1hgl_8\">Nizozemskoj<\/span><\/strong><span class=\"_fadeIn_m1hgl_8\">.<\/span><\/p>\n<p data-start=\"283\" data-end=\"503\"><span class=\"_fadeIn_m1hgl_8\">Za <\/span><span class=\"_fadeIn_m1hgl_8\">razliku <\/span><span class=\"_fadeIn_m1hgl_8\">od <\/span><span class=\"_fadeIn_m1hgl_8\">farmaceutski <\/span><span class=\"_fadeIn_m1hgl_8\">obra\u0111enih <\/span><span class=\"_fadeIn_m1hgl_8\">ulja, <\/span><strong data-start=\"326\" data-end=\"363\"><span class=\"_fadeIn_m1hgl_8\">ovo <\/span><span class=\"_fadeIn_m1hgl_8\">ulje <\/span><span class=\"_fadeIn_m1hgl_8\">se <\/span><span class=\"_fadeIn_m1hgl_8\">ne <\/span><span class=\"_fadeIn_m1hgl_8\">proizvodi <\/span><span class=\"_fadeIn_m1hgl_8\">kemijski<\/span><\/strong><span class=\"_fadeIn_m1hgl_8\">, <\/span><span class=\"_fadeIn_m1hgl_8\">ve\u0107 <\/span><span class=\"_fadeIn_m1hgl_8\">se <\/span><strong data-start=\"372\" data-end=\"425\"><span class=\"_fadeIn_m1hgl_8\">iz <\/span><span class=\"_fadeIn_m1hgl_8\">dubine <\/span><span class=\"_fadeIn_m1hgl_8\">1500\u2013<\/span><span class=\"_fadeIn_m1hgl_8\">2000 <\/span><span class=\"_fadeIn_m1hgl_8\">m <\/span><span class=\"_fadeIn_m1hgl_8\">crpi <\/span><span class=\"_fadeIn_m1hgl_8\">u <\/span><span class=\"_fadeIn_m1hgl_8\">svom <\/span><span class=\"_fadeIn_m1hgl_8\">izvornom <\/span><span class=\"_fadeIn_m1hgl_8\">obliku<\/span><\/strong> <span class=\"_fadeIn_m1hgl_8\">i <\/span><span class=\"_fadeIn_m1hgl_8\">kao <\/span><span class=\"_fadeIn_m1hgl_8\">takvo <\/span><strong data-start=\"438\" data-end=\"502\"><span class=\"_fadeIn_m1hgl_8\">ne <\/span><span class=\"_fadeIn_m1hgl_8\">sadr\u017ei <\/span><span class=\"_fadeIn_m1hgl_8\">nikakve <\/span><span class=\"_fadeIn_m1hgl_8\">dodatke, <\/span><span class=\"_fadeIn_m1hgl_8\">konzervanse <\/span><span class=\"_fadeIn_m1hgl_8\">ni <\/span><span class=\"_fadeIn_m1hgl_8\">one\u010di\u0161\u0107uju\u0107e <\/span><span class=\"_fadeIn_m1hgl_8\">tvari<\/span><\/strong><span class=\"_fadeIn_m1hgl_8\">.<\/span><\/p>\n<p data-start=\"505\" data-end=\"684\"><span class=\"_fadeIn_m1hgl_8\">Iako <\/span><span class=\"_fadeIn_m1hgl_8\">se <\/span><span class=\"_fadeIn_m1hgl_8\">naziva &#8220;<\/span><span class=\"_fadeIn_m1hgl_8\">uljem&#8221;, <\/span><span class=\"_fadeIn_m1hgl_8\">rije\u010d <\/span><span class=\"_fadeIn_m1hgl_8\">je <\/span><span class=\"_fadeIn_m1hgl_8\">o <\/span><strong data-start=\"540\" data-end=\"590\"><span class=\"_fadeIn_m1hgl_8\">vodeno-<\/span><span class=\"_fadeIn_m1hgl_8\">mineralnoj <\/span><span class=\"_fadeIn_m1hgl_8\">otopini <\/span><span class=\"_fadeIn_m1hgl_8\">magnezijevog <\/span><span class=\"_fadeIn_m1hgl_8\">klorida<\/span><\/strong><span class=\"_fadeIn_m1hgl_8\">, <\/span><span class=\"_fadeIn_m1hgl_8\">koja <\/span><strong data-start=\"597\" data-end=\"611\"><span class=\"_fadeIn_m1hgl_8\">nije <\/span><span class=\"_fadeIn_m1hgl_8\">masna<\/span><\/strong> <span class=\"_fadeIn_m1hgl_8\">kao <\/span><span class=\"_fadeIn_m1hgl_8\">klasi\u010dna <\/span><span class=\"_fadeIn_m1hgl_8\">ulja, <\/span><span class=\"_fadeIn_m1hgl_8\">pa <\/span><span class=\"_fadeIn_m1hgl_8\">se <\/span><span class=\"_fadeIn_m1hgl_8\">lako <\/span><span class=\"_fadeIn_m1hgl_8\">upija <\/span><span class=\"_fadeIn_m1hgl_8\">i <\/span><span class=\"_fadeIn_m1hgl_8\">ne <\/span><span class=\"_fadeIn_m1hgl_8\">ostavlja <\/span><span class=\"_fadeIn_m1hgl_8\">te\u017eak <\/span><span class=\"_fadeIn_m1hgl_8\">osje\u0107aj <\/span><span class=\"_fadeIn_m1hgl_8\">na <\/span><span class=\"_fadeIn_m1hgl_8\">ko\u017ei.<\/span><\/p>\n<h3 data-start=\"686\" data-end=\"723\"><span class=\"_fadeIn_m1hgl_8\">Prednosti <\/span><span class=\"_fadeIn_m1hgl_8\">transdermalne <\/span><span class=\"_fadeIn_m1hgl_8\">primjene:<\/span><\/h3>\n<ul data-start=\"724\" data-end=\"951\">\n<li data-start=\"724\" data-end=\"778\">\n<p data-start=\"726\" data-end=\"778\"><strong data-start=\"726\" data-end=\"758\"><span class=\"_fadeIn_m1hgl_8\">Br\u017ea <\/span><span class=\"_fadeIn_m1hgl_8\">i <\/span><span class=\"_fadeIn_m1hgl_8\">neposredna <\/span><span class=\"_fadeIn_m1hgl_8\">apsorpcija<\/span><\/strong> <span class=\"_fadeIn_m1hgl_8\">magnezija <\/span><span class=\"_fadeIn_m1hgl_8\">kroz <\/span><span class=\"_fadeIn_m1hgl_8\">ko\u017eu<\/span><\/p>\n<\/li>\n<li data-start=\"779\" data-end=\"853\">\n<p data-start=\"781\" data-end=\"853\"><strong data-start=\"781\" data-end=\"810\"><span class=\"_fadeIn_m1hgl_8\">Zaobilazi <\/span><span class=\"_fadeIn_m1hgl_8\">probavni <\/span><span class=\"_fadeIn_m1hgl_8\">sustav<\/span><\/strong><span class=\"_fadeIn_m1hgl_8\">, <\/span><span class=\"_fadeIn_m1hgl_8\">\u0161to <\/span><strong data-start=\"816\" data-end=\"853\"><span class=\"_fadeIn_m1hgl_8\">sprje\u010dava <\/span><span class=\"_fadeIn_m1hgl_8\">mogu\u0107e <\/span><span class=\"_fadeIn_m1hgl_8\">probavne <\/span><span class=\"_fadeIn_m1hgl_8\">smetnje<\/span><\/strong><\/p>\n<\/li>\n<li data-start=\"854\" data-end=\"951\">\n<p data-start=\"856\" data-end=\"951\"><strong data-start=\"856\" data-end=\"887\"><span class=\"_fadeIn_m1hgl_8\">Djeluje <\/span><span class=\"_fadeIn_m1hgl_8\">lokalno <\/span><span class=\"_fadeIn_m1hgl_8\">i <\/span><span class=\"_fadeIn_m1hgl_8\">sistemski<\/span><\/strong><span class=\"_fadeIn_m1hgl_8\"> \u2013 <\/span><span class=\"_fadeIn_m1hgl_8\">mo\u017ee <\/span><span class=\"_fadeIn_m1hgl_8\">se <\/span><span class=\"_fadeIn_m1hgl_8\">nanositi <\/span><span class=\"_fadeIn_m1hgl_8\">na <\/span><span class=\"_fadeIn_m1hgl_8\">cijelo <\/span><span class=\"_fadeIn_m1hgl_8\">tijelo <\/span><span class=\"_fadeIn_m1hgl_8\">ili <\/span><span class=\"_fadeIn_m1hgl_8\">ciljano <\/span><span class=\"_fadeIn_m1hgl_8\">na <\/span><span class=\"_fadeIn_m1hgl_8\">bolna <\/span><span class=\"_fadeIn_m1hgl_8\">mjesta<\/span><\/p>\n<\/li>\n<\/ul>\n<h3 data-start=\"953\" data-end=\"980\"><span class=\"_fadeIn_m1hgl_8\">Za <\/span><span class=\"_fadeIn_m1hgl_8\">koga <\/span><span class=\"_fadeIn_m1hgl_8\">je <\/span><span class=\"_fadeIn_m1hgl_8\">namijenjeno?<\/span><\/h3>\n<p data-start=\"981\" data-end=\"1101\"><span class=\"_fadeIn_m1hgl_8\">Zbog <\/span><strong data-start=\"986\" data-end=\"1036\"><span class=\"_fadeIn_m1hgl_8\">\u0161irokog <\/span><span class=\"_fadeIn_m1hgl_8\">spektra <\/span><span class=\"_fadeIn_m1hgl_8\">blagotvornih <\/span><span class=\"_fadeIn_m1hgl_8\">u\u010dinaka <\/span><span class=\"_fadeIn_m1hgl_8\">magnezija<\/span><\/strong><span class=\"_fadeIn_m1hgl_8\">, <\/span><span class=\"_fadeIn_m1hgl_8\">pogodno <\/span><span class=\"_fadeIn_m1hgl_8\">je <\/span><strong data-start=\"1049\" data-end=\"1070\"><span class=\"_fadeIn_m1hgl_8\">gotovo <\/span><span class=\"_fadeIn_m1hgl_8\">za <\/span><span class=\"_fadeIn_m1hgl_8\">svakoga<\/span><\/strong><span class=\"_fadeIn_m1hgl_8\"> \u2013 <\/span><span class=\"_fadeIn_m1hgl_8\">posebno <\/span><span class=\"_fadeIn_m1hgl_8\">za <\/span><span class=\"_fadeIn_m1hgl_8\">one <\/span><span class=\"_fadeIn_m1hgl_8\">koji <\/span><span class=\"_fadeIn_m1hgl_8\">pate <\/span><span class=\"_fadeIn_m1hgl_8\">od:<\/span><\/p>\n<ul data-start=\"1102\" data-end=\"1181\">\n<li data-start=\"1102\" data-end=\"1109\">\n<p data-start=\"1104\" data-end=\"1109\"><span class=\"_fadeIn_m1hgl_8\">umora<\/span><\/p>\n<\/li>\n<li data-start=\"1110\" data-end=\"1127\">\n<p data-start=\"1112\" data-end=\"1127\"><span class=\"_fadeIn_m1hgl_8\">mi\u0161i\u0107nih <\/span><span class=\"_fadeIn_m1hgl_8\">gr\u010deva<\/span><\/p>\n<\/li>\n<li data-start=\"1128\" data-end=\"1148\">\n<p data-start=\"1130\" data-end=\"1148\"><span class=\"_fadeIn_m1hgl_8\">napetosti <\/span><span class=\"_fadeIn_m1hgl_8\">i <\/span><span class=\"_fadeIn_m1hgl_8\">stresa<\/span><\/p>\n<\/li>\n<li data-start=\"1149\" data-end=\"1181\">\n<p data-start=\"1151\" data-end=\"1181\"><span class=\"_fadeIn_m1hgl_8\">bolova <\/span><span class=\"_fadeIn_m1hgl_8\">u <\/span><span class=\"_fadeIn_m1hgl_8\">zglobovima <\/span><span class=\"_fadeIn_m1hgl_8\">i <\/span><span class=\"_fadeIn_m1hgl_8\">mi\u0161i\u0107ima<\/span><\/p>\n<\/li>\n<\/ul>\n<h3 data-start=\"1183\" data-end=\"1201\"><span class=\"_fadeIn_m1hgl_8\">Na\u010din <\/span><span class=\"_fadeIn_m1hgl_8\">uporabe:<\/span><\/h3>\n<p data-start=\"1202\" data-end=\"1384\"><span class=\"_fadeIn_m1hgl_8\">Ulje <\/span><strong data-start=\"1207\" data-end=\"1240\"><span class=\"_fadeIn_m1hgl_8\">jednostavno <\/span><span class=\"_fadeIn_m1hgl_8\">raspr\u0161ite <\/span><span class=\"_fadeIn_m1hgl_8\">na <\/span><span class=\"_fadeIn_m1hgl_8\">ko\u017eu<\/span><\/strong><span class=\"_fadeIn_m1hgl_8\"> (<\/span><span class=\"_fadeIn_m1hgl_8\">npr. <\/span><span class=\"_fadeIn_m1hgl_8\">noge, <\/span><span class=\"_fadeIn_m1hgl_8\">ruke, <\/span><span class=\"_fadeIn_m1hgl_8\">trbuh) <\/span><span class=\"_fadeIn_m1hgl_8\">i <\/span><strong data-start=\"1268\" data-end=\"1297\"><span class=\"_fadeIn_m1hgl_8\">utrljajte <\/span><span class=\"_fadeIn_m1hgl_8\">dok <\/span><span class=\"_fadeIn_m1hgl_8\">se <\/span><span class=\"_fadeIn_m1hgl_8\">ne <\/span><span class=\"_fadeIn_m1hgl_8\">upije<\/span><\/strong><span class=\"_fadeIn_m1hgl_8\">. <\/span><span class=\"_fadeIn_m1hgl_8\">Mo\u017ee <\/span><span class=\"_fadeIn_m1hgl_8\">se <\/span><span class=\"_fadeIn_m1hgl_8\">koristiti <\/span><strong data-start=\"1317\" data-end=\"1336\"><span class=\"_fadeIn_m1hgl_8\">1\u2013<\/span><span class=\"_fadeIn_m1hgl_8\">2 <\/span><span class=\"_fadeIn_m1hgl_8\">puta <\/span><span class=\"_fadeIn_m1hgl_8\">dnevno<\/span><\/strong><span class=\"_fadeIn_m1hgl_8\">, <\/span><span class=\"_fadeIn_m1hgl_8\">a <\/span><span class=\"_fadeIn_m1hgl_8\">po <\/span><span class=\"_fadeIn_m1hgl_8\">potrebi <\/span><span class=\"_fadeIn_m1hgl_8\">i <\/span><strong data-start=\"1353\" data-end=\"1383\"><span class=\"_fadeIn_m1hgl_8\">lokalno <\/span><span class=\"_fadeIn_m1hgl_8\">na <\/span><span class=\"_fadeIn_m1hgl_8\">bolnim <\/span><span class=\"_fadeIn_m1hgl_8\">mjestima<\/span><\/strong><span class=\"_fadeIn_m1hgl_8\">.<\/span><\/p>\n<h3 data-start=\"1386\" data-end=\"1413\"><span class=\"_fadeIn_m1hgl_8\">Kvaliteta <\/span><span class=\"_fadeIn_m1hgl_8\">i <\/span><span class=\"_fadeIn_m1hgl_8\">podrijetlo:<\/span><\/h3>\n<ul data-start=\"1414\" data-end=\"1618\">\n<li data-start=\"1414\" data-end=\"1487\">\n<p data-start=\"1416\" data-end=\"1487\"><strong data-start=\"1416\" data-end=\"1473\"><span class=\"_fadeIn_m1hgl_8\">Sirovina <\/span><span class=\"_fadeIn_m1hgl_8\">dolazi <\/span><span class=\"_fadeIn_m1hgl_8\">iz <\/span><span class=\"_fadeIn_m1hgl_8\">certificiranog <\/span><span class=\"_fadeIn_m1hgl_8\">nalazi\u0161ta <\/span><span class=\"_fadeIn_m1hgl_8\">Zechstein<\/span><\/strong> <span class=\"_fadeIn_m1hgl_8\">u <\/span><span class=\"_fadeIn_m1hgl_8\">Nizozemskoj<\/span><\/p>\n<\/li>\n<li data-start=\"1488\" data-end=\"1522\">\n<p data-start=\"1490\" data-end=\"1522\"><strong data-start=\"1490\" data-end=\"1522\"><span class=\"_fadeIn_m1hgl_8\">Punjenje <\/span><span class=\"_fadeIn_m1hgl_8\">se <\/span><span class=\"_fadeIn_m1hgl_8\">vr\u0161i <\/span><span class=\"_fadeIn_m1hgl_8\">u <\/span><span class=\"_fadeIn_m1hgl_8\">Sloveniji<\/span><\/strong><\/p>\n<\/li>\n<li data-start=\"1523\" data-end=\"1569\">\n<p data-start=\"1525\" data-end=\"1569\"><strong data-start=\"1525\" data-end=\"1569\"><span class=\"_fadeIn_m1hgl_8\">Bez <\/span><span class=\"_fadeIn_m1hgl_8\">te\u0161kih <\/span><span class=\"_fadeIn_m1hgl_8\">metala, <\/span><span class=\"_fadeIn_m1hgl_8\">konzervansa <\/span><span class=\"_fadeIn_m1hgl_8\">i <\/span><span class=\"_fadeIn_m1hgl_8\">aditiva<\/span><\/strong><\/p>\n<\/li>\n<li data-start=\"1570\" data-end=\"1618\">\n<p data-start=\"1572\" data-end=\"1618\"><strong data-start=\"1572\" data-end=\"1618\"><span class=\"_fadeIn_m1hgl_8\">100% <\/span><span class=\"_fadeIn_m1hgl_8\">prirodna <\/span><span class=\"_fadeIn_m1hgl_8\">otopina <\/span><span class=\"_fadeIn_m1hgl_8\">magnezijevog <\/span><span class=\"_fadeIn_m1hgl_8\">klorida<\/span><\/strong><\/p>\n<\/li>\n<\/ul>\n<h3 data-start=\"1620\" data-end=\"1642\"><span class=\"_fadeIn_m1hgl_8\">Koli\u010dina: <\/span><span class=\"_fadeIn_m1hgl_8\">100 <\/span><span class=\"_fadeIn_m1hgl_8\">ml<\/span><\/h3>\n<p data-start=\"1643\" data-end=\"1758\"><span class=\"_fadeIn_m1hgl_8\">Pribli\u017eno <\/span><strong data-start=\"1653\" data-end=\"1683\"><span class=\"_fadeIn_m1hgl_8\">800 <\/span><span class=\"_fadeIn_m1hgl_8\">raspr\u0161ivanja <\/span><span class=\"_fadeIn_m1hgl_8\">po <\/span><span class=\"_fadeIn_m1hgl_8\">bo\u010dici<\/span><\/strong><span class=\"_fadeIn_m1hgl_8\"> \u2013 <\/span><span class=\"_fadeIn_m1hgl_8\">dovoljno <\/span><span class=\"_fadeIn_m1hgl_8\">za <\/span><strong data-start=\"1698\" data-end=\"1730\"><span class=\"_fadeIn_m1hgl_8\">2\u2013<\/span><span class=\"_fadeIn_m1hgl_8\">3 <\/span><span class=\"_fadeIn_m1hgl_8\">mjeseca <\/span><span class=\"_fadeIn_m1hgl_8\">redovite <\/span><span class=\"_fadeIn_m1hgl_8\">uporabe<\/span><\/strong><span class=\"_fadeIn_m1hgl_8\"> (<\/span><span class=\"_fadeIn_m1hgl_8\">5\u2013<\/span><span class=\"_fadeIn_m1hgl_8\">10 <\/span><span class=\"_fadeIn_m1hgl_8\">raspr\u0161ivanja <\/span><span class=\"_fadeIn_m1hgl_8\">dnevno).<\/span><\/p>\n<p data-start=\"1760\" data-end=\"1919\"><strong data-start=\"1760\" data-end=\"1773\"><span class=\"_fadeIn_m1hgl_8\">Napomena:<\/span><\/strong> <span class=\"_fadeIn_m1hgl_8\">U <\/span><span class=\"_fadeIn_m1hgl_8\">slu\u010daju <\/span><span class=\"_fadeIn_m1hgl_8\">peckanja, <\/span><strong data-start=\"1794\" data-end=\"1821\"><span class=\"_fadeIn_m1hgl_8\">isprati <\/span><span class=\"_fadeIn_m1hgl_8\">nakon <\/span><span class=\"_fadeIn_m1hgl_8\">20 <\/span><span class=\"_fadeIn_m1hgl_8\">minuta<\/span><\/strong><span class=\"_fadeIn_m1hgl_8\">. <\/span><span class=\"_fadeIn_m1hgl_8\">Izbjegavati <\/span><span class=\"_fadeIn_m1hgl_8\">kontakt <\/span><span class=\"_fadeIn_m1hgl_8\">s <\/span><span class=\"_fadeIn_m1hgl_8\">o\u010dima <\/span><span class=\"_fadeIn_m1hgl_8\">i <\/span><span class=\"_fadeIn_m1hgl_8\">otvorenim <\/span><span class=\"_fadeIn_m1hgl_8\">ranama. <\/span><span class=\"_fadeIn_m1hgl_8\">U <\/span><span class=\"_fadeIn_m1hgl_8\">slu\u010daju <\/span><span class=\"_fadeIn_m1hgl_8\">kontakta, <\/span><strong data-start=\"1891\" data-end=\"1918\"><span class=\"_fadeIn_m1hgl_8\">temeljito <\/span><span class=\"_fadeIn_m1hgl_8\">isprati <\/span><span class=\"_fadeIn_m1hgl_8\">vodom<\/span><\/strong><span class=\"_fadeIn_m1hgl_8\">.<\/span><\/p>\n","protected":false},"featured_media":2314,"template":"","meta":{"_acf_changed":false,"inline_featured_image":false},"product_brand":[],"product_cat":[256,255,262],"product_tag":[],"class_list":{"0":"post-3172","1":"product","2":"type-product","3":"status-publish","4":"has-post-thumbnail","6":"product_cat-njega-tijela","7":"product_cat-tijelo","8":"product_cat-ulje-za-tijelo","10":"first","11":"instock","12":"purchasable","13":"product-type-simple"},"acf":[],"_links":{"self":[{"href":"https:\/\/estetika-paradiso.com\/hr\/wp-json\/wp\/v2\/product\/3172","targetHints":{"allow":["GET"]}}],"collection":[{"href":"https:\/\/estetika-paradiso.com\/hr\/wp-json\/wp\/v2\/product"}],"about":[{"href":"https:\/\/estetika-paradiso.com\/hr\/wp-json\/wp\/v2\/types\/product"}],"wp:featuredmedia":[{"embeddable":true,"href":"https:\/\/estetika-paradiso.com\/hr\/wp-json\/wp\/v2\/media\/2314"}],"wp:attachment":[{"href":"https:\/\/estetika-paradiso.com\/hr\/wp-json\/wp\/v2\/media?parent=3172"}],"wp:term":[{"taxonomy":"product_brand","embeddable":true,"href":"https:\/\/estetika-paradiso.com\/hr\/wp-json\/wp\/v2\/product_brand?post=3172"},{"taxonomy":"product_cat","embeddable":true,"href":"https:\/\/estetika-paradiso.com\/hr\/wp-json\/wp\/v2\/product_cat?post=3172"},{"taxonomy":"product_tag","embeddable":true,"href":"https:\/\/estetika-paradiso.com\/hr\/wp-json\/wp\/v2\/product_tag?post=3172"}],"curies":[{"name":"wp","href":"https:\/\/api.w.org\/{rel}","templated":true}]}}