{"id":3181,"date":"2025-02-18T21:28:06","date_gmt":"2025-02-18T20:28:06","guid":{"rendered":"https:\/\/estetika-paradiso.com\/product\/nail-tincture-lak-gratis\/"},"modified":"2025-05-16T09:18:05","modified_gmt":"2025-05-16T08:18:05","slug":"nail-tincture-lak-gratis","status":"publish","type":"product","link":"https:\/\/estetika-paradiso.com\/hr\/proizvod\/nail-tincture-lak-gratis\/","title":{"rendered":"NAIL TINCTURE + lak GRATIS"},"content":{"rendered":"","protected":false},"excerpt":{"rendered":"<p>Formula sadr\u017ei u\u010dinkoviti antimikrobni sastojak <strong>klotrimazol<\/strong>, <strong>pantenol<\/strong> i <strong>ulje avokada<\/strong>, koji noktima vra\u0107aju zdrav sjaj. Djeluje preventivno u njezi noktiju na nogama koji su skloni gljivi\u010dnim infekcijama. Tinktura je tako\u0111er prikladna za njegu ko\u017ee izme\u0111u prstiju na nogama, za sprje\u010davanje lju\u0161tenja ko\u017ee.<\/p>\n<p><strong>Prikladno za:<\/strong><br \/>\n\u2022 Neuredne, potamnjele, zadebljane nokte na nogama s dubokim brazdama<br \/>\n\u2022 Po\u017eutjele nokte na nogama zbog dugotrajnog lakiranja i agresivne pedikure<br \/>\n\u2022 Korisnike uske obu\u0107e s tijesnim prstima ili obu\u0107e koja ne di\u0161e<br \/>\n\u2022 Sigurno za dijabeti\u010dare<\/p>\n<p><strong>PREDNOSTI:<\/strong><br \/>\n\u2022 U\u010dinkovit u tretiranju obojenih noktiju na nogama sklonih gljivi\u010dnim infekcijama<br \/>\n\u2022 Sadr\u017ei <strong>Spiraleen\u00ae<\/strong>, sna\u017ean antimikrobni sastojak<br \/>\n\u2022 Formula u spreju bez mirisa jednostavna je za nano\u0161enje to\u010dkastim raspr\u0161ivanjem<br \/>\n\u2022 Prodire ispod nokta i uklanja gljivice<\/p>\n<p><strong>Koli\u010dina:<\/strong> 75 ml<br \/>\n<strong>+ GRATIS klasi\u010dni lak (boja lavande): 15 ml<\/strong><\/p>\n","protected":false},"featured_media":2233,"template":"","meta":{"_acf_changed":false,"inline_featured_image":false},"product_brand":[],"product_cat":[261,256,255],"product_tag":[],"class_list":{"0":"post-3181","1":"product","2":"type-product","3":"status-publish","4":"has-post-thumbnail","6":"product_cat-njega-stopala-hr","7":"product_cat-njega-tijela","8":"product_cat-tijelo","10":"first","11":"outofstock","12":"purchasable","13":"product-type-simple"},"acf":[],"_links":{"self":[{"href":"https:\/\/estetika-paradiso.com\/hr\/wp-json\/wp\/v2\/product\/3181","targetHints":{"allow":["GET"]}}],"collection":[{"href":"https:\/\/estetika-paradiso.com\/hr\/wp-json\/wp\/v2\/product"}],"about":[{"href":"https:\/\/estetika-paradiso.com\/hr\/wp-json\/wp\/v2\/types\/product"}],"wp:featuredmedia":[{"embeddable":true,"href":"https:\/\/estetika-paradiso.com\/hr\/wp-json\/wp\/v2\/media\/2233"}],"wp:attachment":[{"href":"https:\/\/estetika-paradiso.com\/hr\/wp-json\/wp\/v2\/media?parent=3181"}],"wp:term":[{"taxonomy":"product_brand","embeddable":true,"href":"https:\/\/estetika-paradiso.com\/hr\/wp-json\/wp\/v2\/product_brand?post=3181"},{"taxonomy":"product_cat","embeddable":true,"href":"https:\/\/estetika-paradiso.com\/hr\/wp-json\/wp\/v2\/product_cat?post=3181"},{"taxonomy":"product_tag","embeddable":true,"href":"https:\/\/estetika-paradiso.com\/hr\/wp-json\/wp\/v2\/product_tag?post=3181"}],"curies":[{"name":"wp","href":"https:\/\/api.w.org\/{rel}","templated":true}]}}