{"id":3203,"date":"2025-02-18T21:28:00","date_gmt":"2025-02-18T20:28:00","guid":{"rendered":"https:\/\/estetika-paradiso.com\/product\/thatso-all-in-one-shower-gel\/"},"modified":"2025-05-16T12:50:09","modified_gmt":"2025-05-16T11:50:09","slug":"thatso-all-in-one-shower-gel","status":"publish","type":"product","link":"https:\/\/estetika-paradiso.com\/hr\/proizvod\/thatso-all-in-one-shower-gel\/","title":{"rendered":"THAT&#8217;SO ALL IN ONE SHOWER GEL"},"content":{"rendered":"","protected":false},"excerpt":{"rendered":"<p>Hidratantni i osvje\u017eavaju\u0107i gel za tu\u0161iranje koji nje\u017eno \u010disti i \u0161titi ko\u017eu te ju \u010dini mekom i bar\u0161unastom. Pogodan za sve tipove ko\u017ee, oboga\u0107en Neem uljem koje ima karakteristi\u010dan miris koji odbija insekte (za\u0161tita od komaraca). Sadr\u017ei esencije vanilije, kokosa i mente.<\/p>\n<p><strong>AKTIVNI SASTOJCI:<\/strong><\/p>\n<ul>\n<li><strong>NEEM ULJE (Azadirachta Seed Oil):<\/strong> biljno ulje dobiveno iz plodova i sjemenki istoimenog stabla (Azadirachta Indica), stvara potpuno prirodnu barijeru koja nije po\u017eeljna za komarce.<\/li>\n<li><strong>BLAGE POVR\u0160INSKI AKTIVNE TVARI:<\/strong> \u010diste ko\u017eu i \u0161tite ju bez upotrebe agresivnih sredstava (bez SLES-a).<\/li>\n<li><strong>MENTOL:<\/strong> pru\u017ea osvje\u017eavaju\u0107i osje\u0107aj nakon nano\u0161enja.<\/li>\n<\/ul>\n","protected":false},"featured_media":2706,"template":"","meta":{"_acf_changed":false,"inline_featured_image":false},"product_brand":[],"product_cat":[255,265],"product_tag":[],"class_list":{"0":"post-3203","1":"product","2":"type-product","3":"status-publish","4":"has-post-thumbnail","6":"product_cat-tijelo","7":"product_cat-tusiranje-i-kupka","9":"first","10":"outofstock","11":"purchasable","12":"product-type-simple"},"acf":[],"_links":{"self":[{"href":"https:\/\/estetika-paradiso.com\/hr\/wp-json\/wp\/v2\/product\/3203","targetHints":{"allow":["GET"]}}],"collection":[{"href":"https:\/\/estetika-paradiso.com\/hr\/wp-json\/wp\/v2\/product"}],"about":[{"href":"https:\/\/estetika-paradiso.com\/hr\/wp-json\/wp\/v2\/types\/product"}],"wp:featuredmedia":[{"embeddable":true,"href":"https:\/\/estetika-paradiso.com\/hr\/wp-json\/wp\/v2\/media\/2706"}],"wp:attachment":[{"href":"https:\/\/estetika-paradiso.com\/hr\/wp-json\/wp\/v2\/media?parent=3203"}],"wp:term":[{"taxonomy":"product_brand","embeddable":true,"href":"https:\/\/estetika-paradiso.com\/hr\/wp-json\/wp\/v2\/product_brand?post=3203"},{"taxonomy":"product_cat","embeddable":true,"href":"https:\/\/estetika-paradiso.com\/hr\/wp-json\/wp\/v2\/product_cat?post=3203"},{"taxonomy":"product_tag","embeddable":true,"href":"https:\/\/estetika-paradiso.com\/hr\/wp-json\/wp\/v2\/product_tag?post=3203"}],"curies":[{"name":"wp","href":"https:\/\/api.w.org\/{rel}","templated":true}]}}