{"id":3213,"date":"2025-02-18T21:27:56","date_gmt":"2025-02-18T20:27:56","guid":{"rendered":"https:\/\/estetika-paradiso.com\/product\/darilni-bon-za-romanticno-kopel-z-masazo-150-min\/"},"modified":"2025-05-21T08:59:36","modified_gmt":"2025-05-21T07:59:36","slug":"darilni-bon-za-romanticno-kopel-z-masazo-150-min","status":"publish","type":"product","link":"https:\/\/estetika-paradiso.com\/hr\/proizvod\/darilni-bon-za-romanticno-kopel-z-masazo-150-min\/","title":{"rendered":"Poklon bon za romanti\u010dnu kupku s masa\u017eom (150 min)"},"content":{"rendered":"","protected":false},"excerpt":{"rendered":"<p>Uklju\u010duje romanti\u010dno opu\u0161tanje u privatnom prostoru s parnom saunom, jacuzzijem i le\u017ealjkom, a mo\u017eete birati izme\u0111u tri paketa:<\/p>\n<p><strong>medena kupka<\/strong> \u2013 paket uklju\u010duje medenu kupku, piling s morskom soli za tijelo, pladanj s vo\u0107em i \u010daj<br \/>\n<strong>\u010dokoladni snovi<\/strong> \u2013 paket uklju\u010duje \u010dokoladni fondue s vo\u0107em i mareli\u010dni pjenu\u0161ac 0,75 l<br \/>\n<strong>tropski raj<\/strong> \u2013 paket uklju\u010duje dvije vo\u0107ne kupice sa \u0161lagom i jagodni pjenu\u0161ac 0,75 l<\/p>\n<p>Uz opu\u0161tanje dolazi i 30-minutna masa\u017ea tijela za dvoje. Prilikom kori\u0161tenja poklon bona, molimo vas da unaprijed navedete koji paket \u017eelite rezervirati.<\/p>\n","protected":false},"featured_media":3904,"template":"","meta":{"_acf_changed":false,"inline_featured_image":false},"product_brand":[],"product_cat":[199,212],"product_tag":[],"class_list":{"0":"post-3213","1":"product","2":"type-product","3":"status-publish","4":"has-post-thumbnail","6":"product_cat-poklon-bonovi","7":"product_cat-programi-za-parove","9":"first","10":"instock","11":"purchasable","12":"product-type-simple"},"acf":[],"_links":{"self":[{"href":"https:\/\/estetika-paradiso.com\/hr\/wp-json\/wp\/v2\/product\/3213","targetHints":{"allow":["GET"]}}],"collection":[{"href":"https:\/\/estetika-paradiso.com\/hr\/wp-json\/wp\/v2\/product"}],"about":[{"href":"https:\/\/estetika-paradiso.com\/hr\/wp-json\/wp\/v2\/types\/product"}],"wp:featuredmedia":[{"embeddable":true,"href":"https:\/\/estetika-paradiso.com\/hr\/wp-json\/wp\/v2\/media\/3904"}],"wp:attachment":[{"href":"https:\/\/estetika-paradiso.com\/hr\/wp-json\/wp\/v2\/media?parent=3213"}],"wp:term":[{"taxonomy":"product_brand","embeddable":true,"href":"https:\/\/estetika-paradiso.com\/hr\/wp-json\/wp\/v2\/product_brand?post=3213"},{"taxonomy":"product_cat","embeddable":true,"href":"https:\/\/estetika-paradiso.com\/hr\/wp-json\/wp\/v2\/product_cat?post=3213"},{"taxonomy":"product_tag","embeddable":true,"href":"https:\/\/estetika-paradiso.com\/hr\/wp-json\/wp\/v2\/product_tag?post=3213"}],"curies":[{"name":"wp","href":"https:\/\/api.w.org\/{rel}","templated":true}]}}