{"id":3234,"date":"2025-02-18T21:27:53","date_gmt":"2025-02-18T20:27:53","guid":{"rendered":"https:\/\/estetika-paradiso.com\/product\/beauty-oil\/"},"modified":"2025-05-21T14:25:21","modified_gmt":"2025-05-21T13:25:21","slug":"beauty-oil","status":"publish","type":"product","link":"https:\/\/estetika-paradiso.com\/hr\/proizvod\/beauty-oil\/","title":{"rendered":"BEAUTY OIL"},"content":{"rendered":"","protected":false},"excerpt":{"rendered":"<p>Ovo posebno ulje za lice i tijelo ne za\u010depljuje pore i objedinjuje svojstva tri dragocjena ulja \u2013 ulja no\u0107urka, arganovog ulja i ulja crnog kima. Zadr\u017eava vlagu u ko\u017ei i poti\u010de stani\u010dnu aktivnost. Pru\u017ea svilenkasto glatku ko\u017eu i dodatni osje\u0107aj luksuza na licu. Izvrsno je i za upotrebu na vratu i dekolteu.<br \/>\nKoli\u010dina: 30 ml.<\/p>\n","protected":false},"featured_media":2198,"template":"","meta":{"_acf_changed":false,"inline_featured_image":false},"product_brand":[],"product_cat":[201,215,221],"product_tag":[],"class_list":{"0":"post-3234","1":"product","2":"type-product","3":"status-publish","4":"has-post-thumbnail","6":"product_cat-lice","7":"product_cat-njega-lica-hr","8":"product_cat-ulje-za-lice","10":"first","11":"instock","12":"purchasable","13":"product-type-simple"},"acf":[],"_links":{"self":[{"href":"https:\/\/estetika-paradiso.com\/hr\/wp-json\/wp\/v2\/product\/3234","targetHints":{"allow":["GET"]}}],"collection":[{"href":"https:\/\/estetika-paradiso.com\/hr\/wp-json\/wp\/v2\/product"}],"about":[{"href":"https:\/\/estetika-paradiso.com\/hr\/wp-json\/wp\/v2\/types\/product"}],"wp:featuredmedia":[{"embeddable":true,"href":"https:\/\/estetika-paradiso.com\/hr\/wp-json\/wp\/v2\/media\/2198"}],"wp:attachment":[{"href":"https:\/\/estetika-paradiso.com\/hr\/wp-json\/wp\/v2\/media?parent=3234"}],"wp:term":[{"taxonomy":"product_brand","embeddable":true,"href":"https:\/\/estetika-paradiso.com\/hr\/wp-json\/wp\/v2\/product_brand?post=3234"},{"taxonomy":"product_cat","embeddable":true,"href":"https:\/\/estetika-paradiso.com\/hr\/wp-json\/wp\/v2\/product_cat?post=3234"},{"taxonomy":"product_tag","embeddable":true,"href":"https:\/\/estetika-paradiso.com\/hr\/wp-json\/wp\/v2\/product_tag?post=3234"}],"curies":[{"name":"wp","href":"https:\/\/api.w.org\/{rel}","templated":true}]}}