{"id":3236,"date":"2025-02-18T21:27:53","date_gmt":"2025-02-18T20:27:53","guid":{"rendered":"https:\/\/estetika-paradiso.com\/product\/coconut-peeling\/"},"modified":"2025-05-21T14:27:05","modified_gmt":"2025-05-21T13:27:05","slug":"coconut-peeling","status":"publish","type":"product","link":"https:\/\/estetika-paradiso.com\/hr\/proizvod\/coconut-peeling\/","title":{"rendered":"COCONUT PEELING"},"content":{"rendered":"","protected":false},"excerpt":{"rendered":"<p>Kokosov kremasti piling bogat je LMS kompleksom i \u010desticama kokosove ljuske. Djeluje abrazivno, ali vrlo nje\u017eno uklanja mrtve stanice ko\u017ee bez o\u0161te\u0107enja ko\u017ene barijere. Pogodan je za sve tipove ko\u017ee i u\u010dinkovit na svim dijelovima tijela. Mehani\u010dki piling koji omek\u0161ava ko\u017eu i istovremeno je njeguje. Kokosov piling s neutralnim pH-om, bez parfema i s ECO certifikatom.<br \/>\nKoli\u010dina: 50 ml i 250 ml.<\/p>\n","protected":false},"featured_media":2199,"template":"","meta":{"_acf_changed":false,"inline_featured_image":false},"product_brand":[],"product_cat":[246,201,251],"product_tag":[],"class_list":{"0":"post-3236","1":"product","2":"type-product","3":"status-publish","4":"has-post-thumbnail","6":"product_cat-ciscenje-lica","7":"product_cat-lice","8":"product_cat-piling-za-ciscenje","10":"first","11":"instock","12":"purchasable","13":"product-type-variable"},"acf":[],"_links":{"self":[{"href":"https:\/\/estetika-paradiso.com\/hr\/wp-json\/wp\/v2\/product\/3236","targetHints":{"allow":["GET"]}}],"collection":[{"href":"https:\/\/estetika-paradiso.com\/hr\/wp-json\/wp\/v2\/product"}],"about":[{"href":"https:\/\/estetika-paradiso.com\/hr\/wp-json\/wp\/v2\/types\/product"}],"wp:featuredmedia":[{"embeddable":true,"href":"https:\/\/estetika-paradiso.com\/hr\/wp-json\/wp\/v2\/media\/2199"}],"wp:attachment":[{"href":"https:\/\/estetika-paradiso.com\/hr\/wp-json\/wp\/v2\/media?parent=3236"}],"wp:term":[{"taxonomy":"product_brand","embeddable":true,"href":"https:\/\/estetika-paradiso.com\/hr\/wp-json\/wp\/v2\/product_brand?post=3236"},{"taxonomy":"product_cat","embeddable":true,"href":"https:\/\/estetika-paradiso.com\/hr\/wp-json\/wp\/v2\/product_cat?post=3236"},{"taxonomy":"product_tag","embeddable":true,"href":"https:\/\/estetika-paradiso.com\/hr\/wp-json\/wp\/v2\/product_tag?post=3236"}],"curies":[{"name":"wp","href":"https:\/\/api.w.org\/{rel}","templated":true}]}}