{"id":3242,"date":"2025-02-18T21:27:53","date_gmt":"2025-02-18T20:27:53","guid":{"rendered":"https:\/\/estetika-paradiso.com\/product\/darilni-bon-za-masazni-ritual-shine-by-valentina-80-min\/"},"modified":"2025-05-21T14:33:39","modified_gmt":"2025-05-21T13:33:39","slug":"darilni-bon-za-masazni-ritual-shine-by-valentina-80-min","status":"publish","type":"product","link":"https:\/\/estetika-paradiso.com\/hr\/proizvod\/darilni-bon-za-masazni-ritual-shine-by-valentina-80-min\/","title":{"rendered":"Poklon bon za masa\u017eni ritual Shine by Valentina (80 min)"},"content":{"rendered":"","protected":false},"excerpt":{"rendered":"<p>Prebudi svoju senzualnost uz premium tretman za tijelo i duh, koji uklju\u010duje zavodljivo mirisni piling tijela za nje\u017eno uklanjanje mrtvih stanica, te luksuznu masa\u017eu s mirisom japanske tre\u0161nje. Ritual zavr\u0161ava dodatkom parfemskog ulja sa svjetlucavim \u010desticama koje nagla\u0161avaju zdrav sjaj ko\u017ee i obavijaju te u rasko\u0161ni, blistavi zavr\u0161ni efekt.<\/p>\n","protected":false},"featured_media":3904,"template":"","meta":{"_acf_changed":false,"inline_featured_image":false},"product_brand":[],"product_cat":[205,199],"product_tag":[],"class_list":{"0":"post-3242","1":"product","2":"type-product","3":"status-publish","4":"has-post-thumbnail","6":"product_cat-masaze-hr","7":"product_cat-poklon-bonovi","9":"first","10":"instock","11":"purchasable","12":"product-type-simple"},"acf":[],"_links":{"self":[{"href":"https:\/\/estetika-paradiso.com\/hr\/wp-json\/wp\/v2\/product\/3242","targetHints":{"allow":["GET"]}}],"collection":[{"href":"https:\/\/estetika-paradiso.com\/hr\/wp-json\/wp\/v2\/product"}],"about":[{"href":"https:\/\/estetika-paradiso.com\/hr\/wp-json\/wp\/v2\/types\/product"}],"wp:featuredmedia":[{"embeddable":true,"href":"https:\/\/estetika-paradiso.com\/hr\/wp-json\/wp\/v2\/media\/3904"}],"wp:attachment":[{"href":"https:\/\/estetika-paradiso.com\/hr\/wp-json\/wp\/v2\/media?parent=3242"}],"wp:term":[{"taxonomy":"product_brand","embeddable":true,"href":"https:\/\/estetika-paradiso.com\/hr\/wp-json\/wp\/v2\/product_brand?post=3242"},{"taxonomy":"product_cat","embeddable":true,"href":"https:\/\/estetika-paradiso.com\/hr\/wp-json\/wp\/v2\/product_cat?post=3242"},{"taxonomy":"product_tag","embeddable":true,"href":"https:\/\/estetika-paradiso.com\/hr\/wp-json\/wp\/v2\/product_tag?post=3242"}],"curies":[{"name":"wp","href":"https:\/\/api.w.org\/{rel}","templated":true}]}}