{"id":3261,"date":"2025-02-18T21:27:51","date_gmt":"2025-02-18T20:27:51","guid":{"rendered":"https:\/\/estetika-paradiso.com\/product\/darilni-bon-za-iri-pen-gube-ustnice\/"},"modified":"2025-05-21T18:04:07","modified_gmt":"2025-05-21T17:04:07","slug":"darilni-bon-za-iri-pen-gube-ustnice","status":"publish","type":"product","link":"https:\/\/estetika-paradiso.com\/hr\/proizvod\/darilni-bon-za-iri-pen-gube-ustnice\/","title":{"rendered":"Poklon bon za IRI pen \u2013 bore \/ usne"},"content":{"rendered":"","protected":false},"excerpt":{"rendered":"<p>Bezigelna aplikacija hijaluronske kiseline pod ko\u017eu za ubla\u017eavanje bora ili pove\u0107anje volumena usana. Uklju\u010duje konzultacije, stru\u010dno mi\u0161ljenje, aplikaciju 1 ml hijaluronske kiseline te upute za ku\u0107nu njegu. 1 proizvod odgovara 1 ml.<\/p>\n","protected":false},"featured_media":3904,"template":"","meta":{"_acf_changed":false,"inline_featured_image":false},"product_brand":[],"product_cat":[202,199],"product_tag":[],"class_list":{"0":"post-3261","1":"product","2":"type-product","3":"status-publish","4":"has-post-thumbnail","6":"product_cat-aparaturne-njege-lica","7":"product_cat-poklon-bonovi","9":"first","10":"instock","11":"purchasable","12":"product-type-simple"},"acf":[],"_links":{"self":[{"href":"https:\/\/estetika-paradiso.com\/hr\/wp-json\/wp\/v2\/product\/3261","targetHints":{"allow":["GET"]}}],"collection":[{"href":"https:\/\/estetika-paradiso.com\/hr\/wp-json\/wp\/v2\/product"}],"about":[{"href":"https:\/\/estetika-paradiso.com\/hr\/wp-json\/wp\/v2\/types\/product"}],"wp:featuredmedia":[{"embeddable":true,"href":"https:\/\/estetika-paradiso.com\/hr\/wp-json\/wp\/v2\/media\/3904"}],"wp:attachment":[{"href":"https:\/\/estetika-paradiso.com\/hr\/wp-json\/wp\/v2\/media?parent=3261"}],"wp:term":[{"taxonomy":"product_brand","embeddable":true,"href":"https:\/\/estetika-paradiso.com\/hr\/wp-json\/wp\/v2\/product_brand?post=3261"},{"taxonomy":"product_cat","embeddable":true,"href":"https:\/\/estetika-paradiso.com\/hr\/wp-json\/wp\/v2\/product_cat?post=3261"},{"taxonomy":"product_tag","embeddable":true,"href":"https:\/\/estetika-paradiso.com\/hr\/wp-json\/wp\/v2\/product_tag?post=3261"}],"curies":[{"name":"wp","href":"https:\/\/api.w.org\/{rel}","templated":true}]}}