{"id":3349,"date":"2025-02-18T21:27:37","date_gmt":"2025-02-18T20:27:37","guid":{"rendered":"https:\/\/estetika-paradiso.com\/product\/darilni-bon-za-nego-obraza-my-skin-my-story\/"},"modified":"2025-05-22T09:09:06","modified_gmt":"2025-05-22T08:09:06","slug":"darilni-bon-za-nego-obraza-my-skin-my-story","status":"publish","type":"product","link":"https:\/\/estetika-paradiso.com\/hr\/proizvod\/darilni-bon-za-nego-obraza-my-skin-my-story\/","title":{"rendered":"Poklon bon za njegu lica My skin. My story."},"content":{"rendered":"","protected":false},"excerpt":{"rendered":"<p>Personalizirana dermakorektivna njega lica prilago\u0111ena trenutnim potrebama ko\u017ee. Njega se preporu\u010duje nakon dermadiagnosti\u010dke analize lica. Tijekom tretmana koriste se na\u0161i autorski serumi SHINE.<\/p>\n","protected":false},"featured_media":3904,"template":"","meta":{"_acf_changed":false,"inline_featured_image":false},"product_brand":[],"product_cat":[202,199],"product_tag":[],"class_list":{"0":"post-3349","1":"product","2":"type-product","3":"status-publish","4":"has-post-thumbnail","6":"product_cat-aparaturne-njege-lica","7":"product_cat-poklon-bonovi","9":"first","10":"instock","11":"purchasable","12":"product-type-simple"},"acf":[],"_links":{"self":[{"href":"https:\/\/estetika-paradiso.com\/hr\/wp-json\/wp\/v2\/product\/3349","targetHints":{"allow":["GET"]}}],"collection":[{"href":"https:\/\/estetika-paradiso.com\/hr\/wp-json\/wp\/v2\/product"}],"about":[{"href":"https:\/\/estetika-paradiso.com\/hr\/wp-json\/wp\/v2\/types\/product"}],"wp:featuredmedia":[{"embeddable":true,"href":"https:\/\/estetika-paradiso.com\/hr\/wp-json\/wp\/v2\/media\/3904"}],"wp:attachment":[{"href":"https:\/\/estetika-paradiso.com\/hr\/wp-json\/wp\/v2\/media?parent=3349"}],"wp:term":[{"taxonomy":"product_brand","embeddable":true,"href":"https:\/\/estetika-paradiso.com\/hr\/wp-json\/wp\/v2\/product_brand?post=3349"},{"taxonomy":"product_cat","embeddable":true,"href":"https:\/\/estetika-paradiso.com\/hr\/wp-json\/wp\/v2\/product_cat?post=3349"},{"taxonomy":"product_tag","embeddable":true,"href":"https:\/\/estetika-paradiso.com\/hr\/wp-json\/wp\/v2\/product_tag?post=3349"}],"curies":[{"name":"wp","href":"https:\/\/api.w.org\/{rel}","templated":true}]}}