{"id":3379,"date":"2025-02-18T21:27:35","date_gmt":"2025-02-18T20:27:35","guid":{"rendered":"https:\/\/estetika-paradiso.com\/product\/darilni-bon-za-masazo-z-vrocimi-zeliscnimi-snopki-60-min\/"},"modified":"2025-05-22T09:41:57","modified_gmt":"2025-05-22T08:41:57","slug":"darilni-bon-za-masazo-z-vrocimi-zeliscnimi-snopki-60-min","status":"publish","type":"product","link":"https:\/\/estetika-paradiso.com\/hr\/proizvod\/darilni-bon-za-masazo-z-vrocimi-zeliscnimi-snopki-60-min\/","title":{"rendered":"Poklon bon za masa\u017eu s toplim biljnim zave\u017eljajima (60 min)"},"content":{"rendered":"","protected":false},"excerpt":{"rendered":"<p>Masa\u017ea koja spaja drevnu azijsku metodu lije\u010denja biljem, aromaterapiju i masa\u017enu tehniku. Povoljno djeluje na ko\u017eu i umorne mi\u0161i\u0107e, ubla\u017eava bolove u donjem dijelu le\u0111a, vratu i zglobovima te pozitivno utje\u010de na op\u0107e stanje, pobolj\u0161ava cirkulaciju i umiruje \u017eiv\u010dani sustav.<\/p>\n","protected":false},"featured_media":3904,"template":"","meta":{"_acf_changed":false,"inline_featured_image":false},"product_brand":[],"product_cat":[205,199],"product_tag":[],"class_list":{"0":"post-3379","1":"product","2":"type-product","3":"status-publish","4":"has-post-thumbnail","6":"product_cat-masaze-hr","7":"product_cat-poklon-bonovi","9":"first","10":"instock","11":"purchasable","12":"product-type-simple"},"acf":[],"_links":{"self":[{"href":"https:\/\/estetika-paradiso.com\/hr\/wp-json\/wp\/v2\/product\/3379","targetHints":{"allow":["GET"]}}],"collection":[{"href":"https:\/\/estetika-paradiso.com\/hr\/wp-json\/wp\/v2\/product"}],"about":[{"href":"https:\/\/estetika-paradiso.com\/hr\/wp-json\/wp\/v2\/types\/product"}],"wp:featuredmedia":[{"embeddable":true,"href":"https:\/\/estetika-paradiso.com\/hr\/wp-json\/wp\/v2\/media\/3904"}],"wp:attachment":[{"href":"https:\/\/estetika-paradiso.com\/hr\/wp-json\/wp\/v2\/media?parent=3379"}],"wp:term":[{"taxonomy":"product_brand","embeddable":true,"href":"https:\/\/estetika-paradiso.com\/hr\/wp-json\/wp\/v2\/product_brand?post=3379"},{"taxonomy":"product_cat","embeddable":true,"href":"https:\/\/estetika-paradiso.com\/hr\/wp-json\/wp\/v2\/product_cat?post=3379"},{"taxonomy":"product_tag","embeddable":true,"href":"https:\/\/estetika-paradiso.com\/hr\/wp-json\/wp\/v2\/product_tag?post=3379"}],"curies":[{"name":"wp","href":"https:\/\/api.w.org\/{rel}","templated":true}]}}