{"id":3380,"date":"2025-02-18T21:27:35","date_gmt":"2025-02-18T20:27:35","guid":{"rendered":"https:\/\/estetika-paradiso.com\/product\/darilni-bon-za-hot-stone-masazo-z-vulkanskimi-kamni-70-min\/"},"modified":"2025-05-22T09:42:59","modified_gmt":"2025-05-22T08:42:59","slug":"darilni-bon-za-hot-stone-masazo-z-vulkanskimi-kamni-70-min","status":"publish","type":"product","link":"https:\/\/estetika-paradiso.com\/hr\/proizvod\/darilni-bon-za-hot-stone-masazo-z-vulkanskimi-kamni-70-min\/","title":{"rendered":"Poklon bon za hot stone masa\u017eu vulkanskim kamenjem (70 min)"},"content":{"rendered":"","protected":false},"excerpt":{"rendered":"<p>Toplina kamenja prodire u ko\u017eu i mi\u0161i\u0107e, \u010dine\u0107i ih mekima i opu\u0161tenima. Masa\u017ea poti\u010de limfnu cirkulaciju, stimulira snagu samoozdravljenja i uravnote\u017euje psihi\u010dko stanje.<\/p>\n","protected":false},"featured_media":3904,"template":"","meta":{"_acf_changed":false,"inline_featured_image":false},"product_brand":[],"product_cat":[205,199],"product_tag":[],"class_list":{"0":"post-3380","1":"product","2":"type-product","3":"status-publish","4":"has-post-thumbnail","6":"product_cat-masaze-hr","7":"product_cat-poklon-bonovi","9":"first","10":"instock","11":"purchasable","12":"product-type-simple"},"acf":[],"_links":{"self":[{"href":"https:\/\/estetika-paradiso.com\/hr\/wp-json\/wp\/v2\/product\/3380","targetHints":{"allow":["GET"]}}],"collection":[{"href":"https:\/\/estetika-paradiso.com\/hr\/wp-json\/wp\/v2\/product"}],"about":[{"href":"https:\/\/estetika-paradiso.com\/hr\/wp-json\/wp\/v2\/types\/product"}],"wp:featuredmedia":[{"embeddable":true,"href":"https:\/\/estetika-paradiso.com\/hr\/wp-json\/wp\/v2\/media\/3904"}],"wp:attachment":[{"href":"https:\/\/estetika-paradiso.com\/hr\/wp-json\/wp\/v2\/media?parent=3380"}],"wp:term":[{"taxonomy":"product_brand","embeddable":true,"href":"https:\/\/estetika-paradiso.com\/hr\/wp-json\/wp\/v2\/product_brand?post=3380"},{"taxonomy":"product_cat","embeddable":true,"href":"https:\/\/estetika-paradiso.com\/hr\/wp-json\/wp\/v2\/product_cat?post=3380"},{"taxonomy":"product_tag","embeddable":true,"href":"https:\/\/estetika-paradiso.com\/hr\/wp-json\/wp\/v2\/product_tag?post=3380"}],"curies":[{"name":"wp","href":"https:\/\/api.w.org\/{rel}","templated":true}]}}