{"id":3381,"date":"2025-02-18T21:27:35","date_gmt":"2025-02-18T20:27:35","guid":{"rendered":"https:\/\/estetika-paradiso.com\/product\/darilni-bon-za-metamorfno-tehniko-odrasli-50-min\/"},"modified":"2025-05-22T09:44:07","modified_gmt":"2025-05-22T08:44:07","slug":"darilni-bon-za-metamorfno-tehniko-odrasli-50-min","status":"publish","type":"product","link":"https:\/\/estetika-paradiso.com\/hr\/proizvod\/darilni-bon-za-metamorfno-tehniko-odrasli-50-min\/","title":{"rendered":"Poklon bon za metamorfn\u00fa tehniku \u2013 odrasli (50 min)"},"content":{"rendered":"","protected":false},"excerpt":{"rendered":"<p>Nje\u017enim kru\u017enim pokretima po refleksnim zonama kralje\u017enice na stopalima, dlanovima i glavi poti\u010de se zarobljena \u017eivotna energija, koja pokre\u0107e unutarnju i trajnu transformaciju.<\/p>\n","protected":false},"featured_media":3904,"template":"","meta":{"_acf_changed":false,"inline_featured_image":false},"product_brand":[],"product_cat":[199,213],"product_tag":[],"class_list":{"0":"post-3381","1":"product","2":"type-product","3":"status-publish","4":"has-post-thumbnail","6":"product_cat-poklon-bonovi","7":"product_cat-refleksne-terapije-hr","9":"first","10":"instock","11":"purchasable","12":"product-type-simple"},"acf":[],"_links":{"self":[{"href":"https:\/\/estetika-paradiso.com\/hr\/wp-json\/wp\/v2\/product\/3381","targetHints":{"allow":["GET"]}}],"collection":[{"href":"https:\/\/estetika-paradiso.com\/hr\/wp-json\/wp\/v2\/product"}],"about":[{"href":"https:\/\/estetika-paradiso.com\/hr\/wp-json\/wp\/v2\/types\/product"}],"wp:featuredmedia":[{"embeddable":true,"href":"https:\/\/estetika-paradiso.com\/hr\/wp-json\/wp\/v2\/media\/3904"}],"wp:attachment":[{"href":"https:\/\/estetika-paradiso.com\/hr\/wp-json\/wp\/v2\/media?parent=3381"}],"wp:term":[{"taxonomy":"product_brand","embeddable":true,"href":"https:\/\/estetika-paradiso.com\/hr\/wp-json\/wp\/v2\/product_brand?post=3381"},{"taxonomy":"product_cat","embeddable":true,"href":"https:\/\/estetika-paradiso.com\/hr\/wp-json\/wp\/v2\/product_cat?post=3381"},{"taxonomy":"product_tag","embeddable":true,"href":"https:\/\/estetika-paradiso.com\/hr\/wp-json\/wp\/v2\/product_tag?post=3381"}],"curies":[{"name":"wp","href":"https:\/\/api.w.org\/{rel}","templated":true}]}}