{"id":3386,"date":"2025-02-18T21:27:35","date_gmt":"2025-02-18T20:27:35","guid":{"rendered":"https:\/\/estetika-paradiso.com\/product\/darilni-bon-za-active-pureness-nego-obraza-z-globinskim-ciscenjem-90-min\/"},"modified":"2025-05-22T09:49:11","modified_gmt":"2025-05-22T08:49:11","slug":"darilni-bon-za-active-pureness-nego-obraza-z-globinskim-ciscenjem-90-min","status":"publish","type":"product","link":"https:\/\/estetika-paradiso.com\/hr\/proizvod\/darilni-bon-za-active-pureness-nego-obraza-z-globinskim-ciscenjem-90-min\/","title":{"rendered":"Poklon bon za Active Pureness njegu lica s dubinskim \u010di\u0161\u0107enjem (90 min)"},"content":{"rendered":"","protected":false},"excerpt":{"rendered":"<p>Njega lica namijenjena \u010di\u0161\u0107enju i ponovnom uspostavljanju ravnote\u017ee kod ne\u010diste i masne ko\u017ee.<\/p>\n","protected":false},"featured_media":3904,"template":"","meta":{"_acf_changed":false,"inline_featured_image":false},"product_brand":[],"product_cat":[207,199],"product_tag":[],"class_list":{"0":"post-3386","1":"product","2":"type-product","3":"status-publish","4":"has-post-thumbnail","6":"product_cat-njega-lica","7":"product_cat-poklon-bonovi","9":"first","10":"instock","11":"purchasable","12":"product-type-simple"},"acf":[],"_links":{"self":[{"href":"https:\/\/estetika-paradiso.com\/hr\/wp-json\/wp\/v2\/product\/3386","targetHints":{"allow":["GET"]}}],"collection":[{"href":"https:\/\/estetika-paradiso.com\/hr\/wp-json\/wp\/v2\/product"}],"about":[{"href":"https:\/\/estetika-paradiso.com\/hr\/wp-json\/wp\/v2\/types\/product"}],"wp:featuredmedia":[{"embeddable":true,"href":"https:\/\/estetika-paradiso.com\/hr\/wp-json\/wp\/v2\/media\/3904"}],"wp:attachment":[{"href":"https:\/\/estetika-paradiso.com\/hr\/wp-json\/wp\/v2\/media?parent=3386"}],"wp:term":[{"taxonomy":"product_brand","embeddable":true,"href":"https:\/\/estetika-paradiso.com\/hr\/wp-json\/wp\/v2\/product_brand?post=3386"},{"taxonomy":"product_cat","embeddable":true,"href":"https:\/\/estetika-paradiso.com\/hr\/wp-json\/wp\/v2\/product_cat?post=3386"},{"taxonomy":"product_tag","embeddable":true,"href":"https:\/\/estetika-paradiso.com\/hr\/wp-json\/wp\/v2\/product_tag?post=3386"}],"curies":[{"name":"wp","href":"https:\/\/api.w.org\/{rel}","templated":true}]}}