{"id":3389,"date":"2025-02-18T21:27:35","date_gmt":"2025-02-18T20:27:35","guid":{"rendered":"https:\/\/estetika-paradiso.com\/product\/darilni-bon-za-tajsko-masazo-hrbta-z-aromaticnimi-olji-30-min\/"},"modified":"2025-05-22T11:34:07","modified_gmt":"2025-05-22T10:34:07","slug":"darilni-bon-za-tajsko-masazo-hrbta-z-aromaticnimi-olji-30-min","status":"publish","type":"product","link":"https:\/\/estetika-paradiso.com\/hr\/proizvod\/darilni-bon-za-tajsko-masazo-hrbta-z-aromaticnimi-olji-30-min\/","title":{"rendered":"Poklon bon za tajlandsku masa\u017eu le\u0111a s aromati\u010dnim uljima (30 min)"},"content":{"rendered":"","protected":false},"excerpt":{"rendered":"<p>Masa\u017ea se preporu\u010duje za ubla\u017eavanje bolova u le\u0111ima i nakon dugotrajnog sjedenja u prisilnom polo\u017eaju. Tijekom masa\u017ee koriste se i aromati\u010dna ulja, \u0161to pozitivno utje\u010de na cirkulaciju i ubla\u017eavanje bolova.<\/p>\n","protected":false},"featured_media":3904,"template":"","meta":{"_acf_changed":false,"inline_featured_image":false},"product_brand":[],"product_cat":[199,214],"product_tag":[],"class_list":{"0":"post-3389","1":"product","2":"type-product","3":"status-publish","4":"has-post-thumbnail","6":"product_cat-poklon-bonovi","7":"product_cat-tajlandske-masaze","9":"first","10":"instock","11":"purchasable","12":"product-type-simple"},"acf":[],"_links":{"self":[{"href":"https:\/\/estetika-paradiso.com\/hr\/wp-json\/wp\/v2\/product\/3389","targetHints":{"allow":["GET"]}}],"collection":[{"href":"https:\/\/estetika-paradiso.com\/hr\/wp-json\/wp\/v2\/product"}],"about":[{"href":"https:\/\/estetika-paradiso.com\/hr\/wp-json\/wp\/v2\/types\/product"}],"wp:featuredmedia":[{"embeddable":true,"href":"https:\/\/estetika-paradiso.com\/hr\/wp-json\/wp\/v2\/media\/3904"}],"wp:attachment":[{"href":"https:\/\/estetika-paradiso.com\/hr\/wp-json\/wp\/v2\/media?parent=3389"}],"wp:term":[{"taxonomy":"product_brand","embeddable":true,"href":"https:\/\/estetika-paradiso.com\/hr\/wp-json\/wp\/v2\/product_brand?post=3389"},{"taxonomy":"product_cat","embeddable":true,"href":"https:\/\/estetika-paradiso.com\/hr\/wp-json\/wp\/v2\/product_cat?post=3389"},{"taxonomy":"product_tag","embeddable":true,"href":"https:\/\/estetika-paradiso.com\/hr\/wp-json\/wp\/v2\/product_tag?post=3389"}],"curies":[{"name":"wp","href":"https:\/\/api.w.org\/{rel}","templated":true}]}}