{"id":3413,"date":"2025-02-18T21:27:28","date_gmt":"2025-02-18T20:27:28","guid":{"rendered":"https:\/\/estetika-paradiso.com\/product\/darilni-bon-za-salina-spa-detox-masazo-s-pilingom-70-min\/"},"modified":"2025-05-22T12:15:48","modified_gmt":"2025-05-22T11:15:48","slug":"darilni-bon-za-salina-spa-detox-masazo-s-pilingom-70-min","status":"publish","type":"product","link":"https:\/\/estetika-paradiso.com\/hr\/proizvod\/darilni-bon-za-salina-spa-detox-masazo-s-pilingom-70-min\/","title":{"rendered":"Poklon bon za Salina Spa Detox masa\u017eu s pilingom (70 min)"},"content":{"rendered":"","protected":false},"excerpt":{"rendered":"<p>Uklju\u010duje piling tijela i masa\u017eu. Povoljno utje\u010de na op\u0107e dobro stanje i zdrav izgled ko\u017ee, te omogu\u0107uje ponovno hidratiziranu, na dodir svilenkasto glatku i zategnutu ko\u017eu.<\/p>\n","protected":false},"featured_media":3904,"template":"","meta":{"_acf_changed":false,"inline_featured_image":false},"product_brand":[],"product_cat":[205,199],"product_tag":[],"class_list":{"0":"post-3413","1":"product","2":"type-product","3":"status-publish","4":"has-post-thumbnail","6":"product_cat-masaze-hr","7":"product_cat-poklon-bonovi","9":"first","10":"instock","11":"purchasable","12":"product-type-simple"},"acf":[],"_links":{"self":[{"href":"https:\/\/estetika-paradiso.com\/hr\/wp-json\/wp\/v2\/product\/3413","targetHints":{"allow":["GET"]}}],"collection":[{"href":"https:\/\/estetika-paradiso.com\/hr\/wp-json\/wp\/v2\/product"}],"about":[{"href":"https:\/\/estetika-paradiso.com\/hr\/wp-json\/wp\/v2\/types\/product"}],"wp:featuredmedia":[{"embeddable":true,"href":"https:\/\/estetika-paradiso.com\/hr\/wp-json\/wp\/v2\/media\/3904"}],"wp:attachment":[{"href":"https:\/\/estetika-paradiso.com\/hr\/wp-json\/wp\/v2\/media?parent=3413"}],"wp:term":[{"taxonomy":"product_brand","embeddable":true,"href":"https:\/\/estetika-paradiso.com\/hr\/wp-json\/wp\/v2\/product_brand?post=3413"},{"taxonomy":"product_cat","embeddable":true,"href":"https:\/\/estetika-paradiso.com\/hr\/wp-json\/wp\/v2\/product_cat?post=3413"},{"taxonomy":"product_tag","embeddable":true,"href":"https:\/\/estetika-paradiso.com\/hr\/wp-json\/wp\/v2\/product_tag?post=3413"}],"curies":[{"name":"wp","href":"https:\/\/api.w.org\/{rel}","templated":true}]}}