{"id":3416,"date":"2025-02-18T21:27:28","date_gmt":"2025-02-18T20:27:28","guid":{"rendered":"https:\/\/estetika-paradiso.com\/product\/darilni-bon-za-masazo-s-svecami-s-toplim-masaznim-voskom-50-min\/"},"modified":"2025-05-22T12:18:39","modified_gmt":"2025-05-22T11:18:39","slug":"darilni-bon-za-masazo-s-svecami-s-toplim-masaznim-voskom-50-min","status":"publish","type":"product","link":"https:\/\/estetika-paradiso.com\/hr\/proizvod\/darilni-bon-za-masazo-s-svecami-s-toplim-masaznim-voskom-50-min\/","title":{"rendered":"Poklon bon za masa\u017eu svije\u0107ama \u2013 s toplim masa\u017enim voskom (50 min)"},"content":{"rendered":"","protected":false},"excerpt":{"rendered":"<p>Osna\u017euje tijelo, uklanja umor, u\u010dvr\u0161\u0107uje ko\u017eu, pobolj\u0161ava cirkulaciju i djeluje pomla\u0111uju\u0107e.<\/p>\n","protected":false},"featured_media":3904,"template":"","meta":{"_acf_changed":false,"inline_featured_image":false},"product_brand":[],"product_cat":[205,199],"product_tag":[],"class_list":{"0":"post-3416","1":"product","2":"type-product","3":"status-publish","4":"has-post-thumbnail","6":"product_cat-masaze-hr","7":"product_cat-poklon-bonovi","9":"first","10":"instock","11":"purchasable","12":"product-type-simple"},"acf":[],"_links":{"self":[{"href":"https:\/\/estetika-paradiso.com\/hr\/wp-json\/wp\/v2\/product\/3416","targetHints":{"allow":["GET"]}}],"collection":[{"href":"https:\/\/estetika-paradiso.com\/hr\/wp-json\/wp\/v2\/product"}],"about":[{"href":"https:\/\/estetika-paradiso.com\/hr\/wp-json\/wp\/v2\/types\/product"}],"wp:featuredmedia":[{"embeddable":true,"href":"https:\/\/estetika-paradiso.com\/hr\/wp-json\/wp\/v2\/media\/3904"}],"wp:attachment":[{"href":"https:\/\/estetika-paradiso.com\/hr\/wp-json\/wp\/v2\/media?parent=3416"}],"wp:term":[{"taxonomy":"product_brand","embeddable":true,"href":"https:\/\/estetika-paradiso.com\/hr\/wp-json\/wp\/v2\/product_brand?post=3416"},{"taxonomy":"product_cat","embeddable":true,"href":"https:\/\/estetika-paradiso.com\/hr\/wp-json\/wp\/v2\/product_cat?post=3416"},{"taxonomy":"product_tag","embeddable":true,"href":"https:\/\/estetika-paradiso.com\/hr\/wp-json\/wp\/v2\/product_tag?post=3416"}],"curies":[{"name":"wp","href":"https:\/\/api.w.org\/{rel}","templated":true}]}}