{"id":3421,"date":"2025-02-18T21:27:28","date_gmt":"2025-02-18T20:27:28","guid":{"rendered":"https:\/\/estetika-paradiso.com\/product\/darilni-bon-za-aroma-masazo-z-etericnimi-olji-50min\/"},"modified":"2025-05-22T12:23:22","modified_gmt":"2025-05-22T11:23:22","slug":"darilni-bon-za-aroma-masazo-z-etericnimi-olji-50min","status":"publish","type":"product","link":"https:\/\/estetika-paradiso.com\/hr\/proizvod\/darilni-bon-za-aroma-masazo-z-etericnimi-olji-50min\/","title":{"rendered":"Poklon bon za aroma masa\u017eu s eteri\u010dnim uljima (50 min)"},"content":{"rendered":"","protected":false},"excerpt":{"rendered":"<p>Djeluje duboko u tkiva i poti\u010de njihovu obnovu. Pobolj\u0161ava cirkulaciju, detoksikaciju tijela i tonus mi\u0161i\u0107a. Mo\u017eete birati izme\u0111u selekcije aroma ulja prema vlastitom ukusu.<\/p>\n","protected":false},"featured_media":3904,"template":"","meta":{"_acf_changed":false,"inline_featured_image":false},"product_brand":[],"product_cat":[205,199],"product_tag":[],"class_list":{"0":"post-3421","1":"product","2":"type-product","3":"status-publish","4":"has-post-thumbnail","6":"product_cat-masaze-hr","7":"product_cat-poklon-bonovi","9":"first","10":"instock","11":"purchasable","12":"product-type-simple"},"acf":[],"_links":{"self":[{"href":"https:\/\/estetika-paradiso.com\/hr\/wp-json\/wp\/v2\/product\/3421","targetHints":{"allow":["GET"]}}],"collection":[{"href":"https:\/\/estetika-paradiso.com\/hr\/wp-json\/wp\/v2\/product"}],"about":[{"href":"https:\/\/estetika-paradiso.com\/hr\/wp-json\/wp\/v2\/types\/product"}],"wp:featuredmedia":[{"embeddable":true,"href":"https:\/\/estetika-paradiso.com\/hr\/wp-json\/wp\/v2\/media\/3904"}],"wp:attachment":[{"href":"https:\/\/estetika-paradiso.com\/hr\/wp-json\/wp\/v2\/media?parent=3421"}],"wp:term":[{"taxonomy":"product_brand","embeddable":true,"href":"https:\/\/estetika-paradiso.com\/hr\/wp-json\/wp\/v2\/product_brand?post=3421"},{"taxonomy":"product_cat","embeddable":true,"href":"https:\/\/estetika-paradiso.com\/hr\/wp-json\/wp\/v2\/product_cat?post=3421"},{"taxonomy":"product_tag","embeddable":true,"href":"https:\/\/estetika-paradiso.com\/hr\/wp-json\/wp\/v2\/product_tag?post=3421"}],"curies":[{"name":"wp","href":"https:\/\/api.w.org\/{rel}","templated":true}]}}