{"id":3423,"date":"2025-02-18T21:27:22","date_gmt":"2025-02-18T20:27:22","guid":{"rendered":"https:\/\/estetika-paradiso.com\/product\/pure-glow-elixir\/"},"modified":"2025-05-22T12:27:34","modified_gmt":"2025-05-22T11:27:34","slug":"pure-glow-elixir","status":"publish","type":"product","link":"https:\/\/estetika-paradiso.com\/hr\/proizvod\/pure-glow-elixir\/","title":{"rendered":"PURE GLOW ELIXIR"},"content":{"rendered":"","protected":false},"excerpt":{"rendered":"<p>Serum s glamuroznom mje\u0161avinom niskomolekularnih bio hijaluronskih kiselina pru\u017ea savr\u0161enu hidrataciju i sadr\u017ei antioksidanse koji poti\u010du metabolizam ko\u017ee. Uz bogati luksuzni eliksir, va\u0161a \u0107e ko\u017ea zablistati iznutra i izvana. Proizvod ne sadr\u017ei mirise, emulgatore ni konzervanse te je pogodan i za osjetljivu ko\u017eu. Hijaluronska kiselina zna\u010dajno doprinosi elasti\u010dnosti ko\u017ee \u2013 zajedno s kolagenom i elastinom stvara zadebljanu, jastu\u010di\u0107astu strukturu mladena\u010dke ko\u017ee. Zlato, poznato po sposobnosti odbijanja infracrvenih zraka, dodatno \u0161titi od radikala nastalih uslijed IR zra\u010denja i daje ko\u017ei sjaj.<br \/>\n<strong>Koli\u010dina:<\/strong> 30 ml<\/p>\n","protected":false},"featured_media":2138,"template":"","meta":{"_acf_changed":false,"inline_featured_image":false},"product_brand":[],"product_cat":[201,240,241,215,223,239],"product_tag":[],"class_list":{"0":"post-3423","1":"product","2":"type-product","3":"status-publish","4":"has-post-thumbnail","6":"product_cat-lice","7":"product_cat-masna-koza","8":"product_cat-mjesovita-koza","9":"product_cat-njega-lica-hr","10":"product_cat-serum-za-lice","11":"product_cat-tip-koze-hr","13":"first","14":"instock","15":"purchasable","16":"product-type-simple"},"acf":[],"_links":{"self":[{"href":"https:\/\/estetika-paradiso.com\/hr\/wp-json\/wp\/v2\/product\/3423","targetHints":{"allow":["GET"]}}],"collection":[{"href":"https:\/\/estetika-paradiso.com\/hr\/wp-json\/wp\/v2\/product"}],"about":[{"href":"https:\/\/estetika-paradiso.com\/hr\/wp-json\/wp\/v2\/types\/product"}],"wp:featuredmedia":[{"embeddable":true,"href":"https:\/\/estetika-paradiso.com\/hr\/wp-json\/wp\/v2\/media\/2138"}],"wp:attachment":[{"href":"https:\/\/estetika-paradiso.com\/hr\/wp-json\/wp\/v2\/media?parent=3423"}],"wp:term":[{"taxonomy":"product_brand","embeddable":true,"href":"https:\/\/estetika-paradiso.com\/hr\/wp-json\/wp\/v2\/product_brand?post=3423"},{"taxonomy":"product_cat","embeddable":true,"href":"https:\/\/estetika-paradiso.com\/hr\/wp-json\/wp\/v2\/product_cat?post=3423"},{"taxonomy":"product_tag","embeddable":true,"href":"https:\/\/estetika-paradiso.com\/hr\/wp-json\/wp\/v2\/product_tag?post=3423"}],"curies":[{"name":"wp","href":"https:\/\/api.w.org\/{rel}","templated":true}]}}