{"id":3434,"date":"2025-02-18T21:27:22","date_gmt":"2025-02-18T20:27:22","guid":{"rendered":"https:\/\/estetika-paradiso.com\/product\/aufbau-mask\/"},"modified":"2025-05-22T12:38:51","modified_gmt":"2025-05-22T11:38:51","slug":"aufbau-mask","status":"publish","type":"product","link":"https:\/\/estetika-paradiso.com\/hr\/proizvod\/aufbau-mask\/","title":{"rendered":"AUFBAU MASK"},"content":{"rendered":"","protected":false},"excerpt":{"rendered":"<p>Na\u0161a prva maska bez emulgatora koja u\u010dinkovito bori protiv suho\u0107e ko\u017ee i pobolj\u0161ava njezinu lipidnu strukturu. Budu\u0107i da je bez mirisa i konzervansa, pogodna je i za vrlo osjetljivu ko\u017eu. Mo\u017ee se koristiti i na vratu i dekolteu, kao i kao intenzivna no\u0107na njega za hidrataciju ruku.<br \/>\n<strong>Koli\u010dina:<\/strong> 250 ml<\/p>\n","protected":false},"featured_media":2133,"template":"","meta":{"_acf_changed":false,"inline_featured_image":false},"product_brand":[],"product_cat":[257,258,201,260,215,256,220,255],"product_tag":[],"class_list":{"0":"post-3434","1":"product","2":"type-product","3":"status-publish","4":"has-post-thumbnail","6":"product_cat-krema-za-ruke","7":"product_cat-krema-za-tijelo","8":"product_cat-lice","9":"product_cat-njega-dekoltea-i-poprsja","10":"product_cat-njega-lica-hr","11":"product_cat-njega-tijela","12":"product_cat-nocne-kreme-hr","13":"product_cat-tijelo","15":"first","16":"instock","17":"purchasable","18":"product-type-variable"},"acf":[],"_links":{"self":[{"href":"https:\/\/estetika-paradiso.com\/hr\/wp-json\/wp\/v2\/product\/3434","targetHints":{"allow":["GET"]}}],"collection":[{"href":"https:\/\/estetika-paradiso.com\/hr\/wp-json\/wp\/v2\/product"}],"about":[{"href":"https:\/\/estetika-paradiso.com\/hr\/wp-json\/wp\/v2\/types\/product"}],"wp:featuredmedia":[{"embeddable":true,"href":"https:\/\/estetika-paradiso.com\/hr\/wp-json\/wp\/v2\/media\/2133"}],"wp:attachment":[{"href":"https:\/\/estetika-paradiso.com\/hr\/wp-json\/wp\/v2\/media?parent=3434"}],"wp:term":[{"taxonomy":"product_brand","embeddable":true,"href":"https:\/\/estetika-paradiso.com\/hr\/wp-json\/wp\/v2\/product_brand?post=3434"},{"taxonomy":"product_cat","embeddable":true,"href":"https:\/\/estetika-paradiso.com\/hr\/wp-json\/wp\/v2\/product_cat?post=3434"},{"taxonomy":"product_tag","embeddable":true,"href":"https:\/\/estetika-paradiso.com\/hr\/wp-json\/wp\/v2\/product_tag?post=3434"}],"curies":[{"name":"wp","href":"https:\/\/api.w.org\/{rel}","templated":true}]}}