{"id":3442,"date":"2025-02-18T21:27:22","date_gmt":"2025-02-18T20:27:22","guid":{"rendered":"https:\/\/estetika-paradiso.com\/product\/nail-tincture\/"},"modified":"2025-05-22T12:44:59","modified_gmt":"2025-05-22T11:44:59","slug":"nail-tincture","status":"publish","type":"product","link":"https:\/\/estetika-paradiso.com\/hr\/proizvod\/nail-tincture\/","title":{"rendered":"NAIL TINCTURE"},"content":{"rendered":"","protected":false},"excerpt":{"rendered":"<p>Formula sadr\u017ei u\u010dinkovito antimikrobno sredstvo <strong>klotrimazol<\/strong>, <strong>pantenol<\/strong> i <strong>ulje avokada<\/strong> koje vra\u0107a noktima zdrav sjaj. Djeluje preventivno na njegu noktiju na nogama sklonih gljivi\u010dnim infekcijama. Tinktura je tako\u0111er prikladna za njegu ko\u017ee izme\u0111u prstiju na nogama radi sprje\u010davanja lju\u0161tenja ko\u017ee.<\/p>\n<h3>Pogodno za:<\/h3>\n<ul>\n<li>Neuredne, tamne, zadebljane nokte na nogama s dubokim brazdama<\/li>\n<li>\u017du\u0107kaste nokte na nogama zbog dugotrajne upotrebe laka i \u201cagresivne\u201d pedikure<\/li>\n<li>Korisnike uske obu\u0107e s tijesnim prstima ili neprozra\u010dne obu\u0107e<\/li>\n<li>Sigurno za dijabeti\u010dare<\/li>\n<\/ul>\n<h3>Prednosti:<\/h3>\n<ul>\n<li>U\u010dinkovito lije\u010di diskolorirane nokte na nogama sklone gljivi\u010dnim infekcijama<\/li>\n<li>Sadr\u017ei <strong>Spiraleen\u00ae<\/strong>, sna\u017eno protumikrobno sredstvo<\/li>\n<li>Bezmirisna formula za prskanje, jednostavna za nano\u0161enje ciljanim prskanjem<\/li>\n<li>Prodire u ko\u017eu ispod nokta i uklanja gljivice<\/li>\n<\/ul>\n<p><strong>Koli\u010dina:<\/strong> 50 ml<\/p>\n","protected":false},"featured_media":2696,"template":"","meta":{"_acf_changed":false,"inline_featured_image":false},"product_brand":[],"product_cat":[261,256,255],"product_tag":[],"class_list":{"0":"post-3442","1":"product","2":"type-product","3":"status-publish","4":"has-post-thumbnail","6":"product_cat-njega-stopala-hr","7":"product_cat-njega-tijela","8":"product_cat-tijelo","10":"first","11":"instock","12":"purchasable","13":"product-type-simple"},"acf":[],"_links":{"self":[{"href":"https:\/\/estetika-paradiso.com\/hr\/wp-json\/wp\/v2\/product\/3442","targetHints":{"allow":["GET"]}}],"collection":[{"href":"https:\/\/estetika-paradiso.com\/hr\/wp-json\/wp\/v2\/product"}],"about":[{"href":"https:\/\/estetika-paradiso.com\/hr\/wp-json\/wp\/v2\/types\/product"}],"wp:featuredmedia":[{"embeddable":true,"href":"https:\/\/estetika-paradiso.com\/hr\/wp-json\/wp\/v2\/media\/2696"}],"wp:attachment":[{"href":"https:\/\/estetika-paradiso.com\/hr\/wp-json\/wp\/v2\/media?parent=3442"}],"wp:term":[{"taxonomy":"product_brand","embeddable":true,"href":"https:\/\/estetika-paradiso.com\/hr\/wp-json\/wp\/v2\/product_brand?post=3442"},{"taxonomy":"product_cat","embeddable":true,"href":"https:\/\/estetika-paradiso.com\/hr\/wp-json\/wp\/v2\/product_cat?post=3442"},{"taxonomy":"product_tag","embeddable":true,"href":"https:\/\/estetika-paradiso.com\/hr\/wp-json\/wp\/v2\/product_tag?post=3442"}],"curies":[{"name":"wp","href":"https:\/\/api.w.org\/{rel}","templated":true}]}}