{"id":3443,"date":"2025-02-18T21:27:22","date_gmt":"2025-02-18T20:27:22","guid":{"rendered":"https:\/\/estetika-paradiso.com\/product\/peeling-skin-formula\/"},"modified":"2025-05-22T12:47:32","modified_gmt":"2025-05-22T11:47:32","slug":"peeling-skin-formula","status":"publish","type":"product","link":"https:\/\/estetika-paradiso.com\/hr\/proizvod\/peeling-skin-formula\/","title":{"rendered":"PEELING SKIN FORMULA"},"content":{"rendered":"","protected":false},"excerpt":{"rendered":"<p>Formula sadr\u017ei u\u010dinkovito antimikrobno sredstvo koje umiruje ko\u017eu sklonu lju\u0161tenju i ubla\u017eava svrbe\u017e izme\u0111u prstiju na nogama, posljedica gljivi\u010dnih infekcija ili atletskog stopala.<br \/>\n<strong>Koli\u010dina:<\/strong> 125 ml<\/p>\n","protected":false},"featured_media":2699,"template":"","meta":{"_acf_changed":false,"inline_featured_image":false},"product_brand":[],"product_cat":[261,256,255],"product_tag":[],"class_list":{"0":"post-3443","1":"product","2":"type-product","3":"status-publish","4":"has-post-thumbnail","6":"product_cat-njega-stopala-hr","7":"product_cat-njega-tijela","8":"product_cat-tijelo","10":"first","11":"instock","12":"purchasable","13":"product-type-simple"},"acf":[],"_links":{"self":[{"href":"https:\/\/estetika-paradiso.com\/hr\/wp-json\/wp\/v2\/product\/3443","targetHints":{"allow":["GET"]}}],"collection":[{"href":"https:\/\/estetika-paradiso.com\/hr\/wp-json\/wp\/v2\/product"}],"about":[{"href":"https:\/\/estetika-paradiso.com\/hr\/wp-json\/wp\/v2\/types\/product"}],"wp:featuredmedia":[{"embeddable":true,"href":"https:\/\/estetika-paradiso.com\/hr\/wp-json\/wp\/v2\/media\/2699"}],"wp:attachment":[{"href":"https:\/\/estetika-paradiso.com\/hr\/wp-json\/wp\/v2\/media?parent=3443"}],"wp:term":[{"taxonomy":"product_brand","embeddable":true,"href":"https:\/\/estetika-paradiso.com\/hr\/wp-json\/wp\/v2\/product_brand?post=3443"},{"taxonomy":"product_cat","embeddable":true,"href":"https:\/\/estetika-paradiso.com\/hr\/wp-json\/wp\/v2\/product_cat?post=3443"},{"taxonomy":"product_tag","embeddable":true,"href":"https:\/\/estetika-paradiso.com\/hr\/wp-json\/wp\/v2\/product_tag?post=3443"}],"curies":[{"name":"wp","href":"https:\/\/api.w.org\/{rel}","templated":true}]}}