{"id":3444,"date":"2025-02-18T21:27:22","date_gmt":"2025-02-18T20:27:22","guid":{"rendered":"https:\/\/estetika-paradiso.com\/product\/rough-skin-formula\/"},"modified":"2025-05-22T12:49:22","modified_gmt":"2025-05-22T11:49:22","slug":"rough-skin-formula","status":"publish","type":"product","link":"https:\/\/estetika-paradiso.com\/hr\/proizvod\/rough-skin-formula\/","title":{"rendered":"ROUGH SKIN FORMULA"},"content":{"rendered":"","protected":false},"excerpt":{"rendered":"<p>Formula sadr\u017ei u\u010dinkovito antimikrobno sredstvo i omek\u0161iva\u010d, umiruje ko\u017eu koja se lju\u0161ti i ubla\u017eava iritaciju suhe ko\u017ee uzrokovane gljivi\u010dnim infekcijama.<\/p>\n<ul>\n<li>Ova formula s Dermal Infusion Technology\u00ae sadr\u017ei protumikrobni sastojak <strong>Spiraleen\u00ae<\/strong>, u\u010dinkovit u lije\u010denju povr\u0161inskih pukotina, suhe, hrapave i ko\u017ee nalik brusnom papiru, sklonoj gljivi\u010dnim infekcijama.<\/li>\n<li><strong>Spiraleen\u00ae<\/strong> inhibira invazivne mikrobe svojim sna\u017enim protugljivi\u010dnim, antivirusnim i antibakterijskim djelovanjem, ja\u010daju\u0107i ko\u017enu barijeru.<\/li>\n<li>Poma\u017ee u regeneraciji peta.<\/li>\n<li>Urea zaklju\u010dava vlagu u ko\u017ei.<\/li>\n<\/ul>\n<h3>Preporu\u010deno za:<\/h3>\n<ul>\n<li>Lije\u010denje povr\u0161inskih pukotina i suhe, hrapave ko\u017ee nalik brusnom papiru<\/li>\n<li>Bosa stopala u teretanama, saunama, bazenima i hotelskim sobama<\/li>\n<li>Korisnike sandala ili natika\u010da, kao i one koji \u010desto hodaju bosi<\/li>\n<li>Idealno za dijabeti\u010dare, starije osobe i imunokompromitirane<\/li>\n<\/ul>\n<h3>Upute za uporabu:<\/h3>\n<ul>\n<li>Nanesite na \u010dista, suha stopala dva puta dnevno tijekom 2 tjedna, a zatim svakodnevno dok problemi ne nestanu<\/li>\n<li>Ne ostavlja masne tragove \u2013 samo nanesite i krenite<\/li>\n<\/ul>\n<p><strong>Koli\u010dina:<\/strong> 125 ml<\/p>\n","protected":false},"featured_media":2699,"template":"","meta":{"_acf_changed":false,"inline_featured_image":false},"product_brand":[],"product_cat":[261,256,255],"product_tag":[],"class_list":{"0":"post-3444","1":"product","2":"type-product","3":"status-publish","4":"has-post-thumbnail","6":"product_cat-njega-stopala-hr","7":"product_cat-njega-tijela","8":"product_cat-tijelo","10":"first","11":"instock","12":"purchasable","13":"product-type-simple"},"acf":[],"_links":{"self":[{"href":"https:\/\/estetika-paradiso.com\/hr\/wp-json\/wp\/v2\/product\/3444","targetHints":{"allow":["GET"]}}],"collection":[{"href":"https:\/\/estetika-paradiso.com\/hr\/wp-json\/wp\/v2\/product"}],"about":[{"href":"https:\/\/estetika-paradiso.com\/hr\/wp-json\/wp\/v2\/types\/product"}],"wp:featuredmedia":[{"embeddable":true,"href":"https:\/\/estetika-paradiso.com\/hr\/wp-json\/wp\/v2\/media\/2699"}],"wp:attachment":[{"href":"https:\/\/estetika-paradiso.com\/hr\/wp-json\/wp\/v2\/media?parent=3444"}],"wp:term":[{"taxonomy":"product_brand","embeddable":true,"href":"https:\/\/estetika-paradiso.com\/hr\/wp-json\/wp\/v2\/product_brand?post=3444"},{"taxonomy":"product_cat","embeddable":true,"href":"https:\/\/estetika-paradiso.com\/hr\/wp-json\/wp\/v2\/product_cat?post=3444"},{"taxonomy":"product_tag","embeddable":true,"href":"https:\/\/estetika-paradiso.com\/hr\/wp-json\/wp\/v2\/product_tag?post=3444"}],"curies":[{"name":"wp","href":"https:\/\/api.w.org\/{rel}","templated":true}]}}