{"id":3454,"date":"2025-02-18T21:27:10","date_gmt":"2025-02-18T20:27:10","guid":{"rendered":"https:\/\/estetika-paradiso.com\/product\/lia-c6-day-cream-lmx\/"},"modified":"2025-05-23T11:07:48","modified_gmt":"2025-05-23T10:07:48","slug":"lia-c6-day-cream-lmx","status":"publish","type":"product","link":"https:\/\/estetika-paradiso.com\/hr\/proizvod\/lia-c6-day-cream-lmx\/","title":{"rendered":"LIA C6 DAY CREAM LMX"},"content":{"rendered":"","protected":false},"excerpt":{"rendered":"<p>LMX LIA C 6\u00ae DAY CREAM je dnevna krema za normalnu do umjereno suhu ko\u017eu. Krema optimalno \u0161titi ko\u017eu od vanjskih utjecaja i pru\u017ea sve \u0161to je potrebno za pa\u017eljivo njegovani, mladena\u010dki izgled. Na\u0161a nova LMX baza za kreme, inovativna baza od hidratiziranog fosfatidilholina, ceramida i lignoceri\u010dne kiseline, intenzivnije podr\u017eava i obnavlja za\u0161titnu funkciju epidermisa nego prethodni LMS. Kao i sve LMX kreme, ima gotovo dvostruko ja\u010du LIA za\u0161titu u usporedbi s LMS. Pru\u017ea vrlo visoku za\u0161titu od starenja ko\u017ee izazvanog svjetlom zahvaljuju\u0107i trima razli\u010ditim UVA filtrima ugra\u0111enim u LMX kremnu bazu te HDBM \u2013 \u201epametnom\u201c hvata\u010du slobodnih radikala. Namjerno ni\u017ea UVB za\u0161tita (oko 85% apsorpcije UVB zraka od filtera) dovoljna je za normalnu dnevnu izlo\u017eenost sun\u010devoj svjetlosti, a istovremeno omogu\u0107ava va\u017enu sintezu vitamina D u ko\u017ei. Kremna baza bez emulgatora \u0161titi i obnavlja prirodnu lipidnu barijeru ro\u017enate plasti ko\u017ee. Zahvaljuju\u0107i LMX kremnoj bazi bez emulgatora, filteri ostaju u ro\u017enatoj plasti epidermisa i ne prodiru dublje u ko\u017eu. Sadr\u017ei i aktivne sastojke za zagla\u0111ivanje bora, visokou\u010dinkovite signalne peptide koji djeluju kao poticatelji kolagena i elastina (Matrixyl\u00ae i Idealift). Redovitom uporabom svih na\u0161ih krema s LIA za\u0161titom ko\u017ea \u0107e stariti upola sporije. Bez konzervansa (pogodna i za osobe osjetljive na njih). Pakiranje: 5 ml ili 50 ml<\/p>\n","protected":false},"featured_media":2111,"template":"","meta":{"_acf_changed":false,"inline_featured_image":false},"product_brand":[],"product_cat":[216,201,215,242,245,239,232],"product_tag":[],"class_list":{"0":"post-3454","1":"product","2":"type-product","3":"status-publish","4":"has-post-thumbnail","6":"product_cat-dnevne-kreme-hr","7":"product_cat-lice","8":"product_cat-njega-lica-hr","9":"product_cat-normalna-koza-hr","10":"product_cat-suha-koza-hr","11":"product_cat-tip-koze-hr","12":"product_cat-umirivanje-koze","14":"first","15":"instock","16":"purchasable","17":"product-type-simple"},"acf":[],"_links":{"self":[{"href":"https:\/\/estetika-paradiso.com\/hr\/wp-json\/wp\/v2\/product\/3454","targetHints":{"allow":["GET"]}}],"collection":[{"href":"https:\/\/estetika-paradiso.com\/hr\/wp-json\/wp\/v2\/product"}],"about":[{"href":"https:\/\/estetika-paradiso.com\/hr\/wp-json\/wp\/v2\/types\/product"}],"wp:featuredmedia":[{"embeddable":true,"href":"https:\/\/estetika-paradiso.com\/hr\/wp-json\/wp\/v2\/media\/2111"}],"wp:attachment":[{"href":"https:\/\/estetika-paradiso.com\/hr\/wp-json\/wp\/v2\/media?parent=3454"}],"wp:term":[{"taxonomy":"product_brand","embeddable":true,"href":"https:\/\/estetika-paradiso.com\/hr\/wp-json\/wp\/v2\/product_brand?post=3454"},{"taxonomy":"product_cat","embeddable":true,"href":"https:\/\/estetika-paradiso.com\/hr\/wp-json\/wp\/v2\/product_cat?post=3454"},{"taxonomy":"product_tag","embeddable":true,"href":"https:\/\/estetika-paradiso.com\/hr\/wp-json\/wp\/v2\/product_tag?post=3454"}],"curies":[{"name":"wp","href":"https:\/\/api.w.org\/{rel}","templated":true}]}}