{"id":3456,"date":"2025-02-18T21:27:10","date_gmt":"2025-02-18T20:27:10","guid":{"rendered":"https:\/\/estetika-paradiso.com\/product\/lmx-lia-c6-24-hour-cream\/"},"modified":"2025-05-23T11:12:13","modified_gmt":"2025-05-23T10:12:13","slug":"lmx-lia-c6-24-hour-cream","status":"publish","type":"product","link":"https:\/\/estetika-paradiso.com\/hr\/proizvod\/lmx-lia-c6-24-hour-cream\/","title":{"rendered":"LMX LIA C6 24 HOUR CREAM"},"content":{"rendered":"","protected":false},"excerpt":{"rendered":"<p>LMX LIA C 6\u00ae 24 HOUR CREAM je lagana, ali u\u010dinkovita dnevna krema koja uspostavlja optimalnu za\u0161titu ko\u017ee, temeljito je \u0161titi od vanjskih utjecaja, pa\u017eljivo njeguje i poma\u017ee odr\u017eati mladena\u010dki izgled. Pogodna je za mladu, masnu, mje\u0161ovitu i normalnu ko\u017eu.<\/p>\n<p>Na\u0161a nova LMX osnovna formula, inovativna kombinacija hidratiziranog fosfatidilholina, ceramida i lignoceri\u010dne kiseline, intenzivnije podr\u017eava i obnavlja za\u0161titnu funkciju epidermisa u usporedbi s prethodnom LMS formulom. Osigurava gotovo dvostruko ja\u010du LIA za\u0161titu u odnosu na LMS, a istovremeno je lagana i neokluzivna.<\/p>\n<p>Pru\u017ea vrlo visoku za\u0161titu od fotostarenja zahvaljuju\u0107i trima razli\u010ditim UVA filtrima ugra\u0111enim u LMX kremnu bazu te HDBM \u2013 \u201epametnom\u201c hvata\u010du slobodnih radikala. Namjerno ni\u017ea UVB za\u0161tita (oko 85% apsorpcije UVB zraka od filtera) dovoljna je za normalnu dnevnu izlo\u017eenost sun\u010devoj svjetlosti, a istovremeno omogu\u0107ava va\u017enu sintezu vitamina D u ko\u017ei.<\/p>\n<p>Kremna baza bez emulgatora \u0161titi i obnavlja prirodnu lipidnu barijeru ro\u017enate plasti ko\u017ee. Zahvaljuju\u0107i LMX kremnoj bazi bez emulgatora, filteri ostaju u ro\u017enatoj plasti epidermisa i ne prodiru dublje u ko\u017eu.<\/p>\n<p>Redovitom uporabom svih na\u0161ih krema s LIA za\u0161titom, ko\u017ea \u0107e stariti upola sporije. Bez konzervansa, pogodna i za osobe osjetljive na njih.<\/p>\n<p><strong>Pakiranje:<\/strong> 50 ml<\/p>\n","protected":false},"featured_media":2109,"template":"","meta":{"_acf_changed":false,"inline_featured_image":false},"product_brand":[],"product_cat":[216,201,240,241,215,242,239,232],"product_tag":[],"class_list":{"0":"post-3456","1":"product","2":"type-product","3":"status-publish","4":"has-post-thumbnail","6":"product_cat-dnevne-kreme-hr","7":"product_cat-lice","8":"product_cat-masna-koza","9":"product_cat-mjesovita-koza","10":"product_cat-njega-lica-hr","11":"product_cat-normalna-koza-hr","12":"product_cat-tip-koze-hr","13":"product_cat-umirivanje-koze","15":"first","16":"instock","17":"purchasable","18":"product-type-simple"},"acf":[],"_links":{"self":[{"href":"https:\/\/estetika-paradiso.com\/hr\/wp-json\/wp\/v2\/product\/3456","targetHints":{"allow":["GET"]}}],"collection":[{"href":"https:\/\/estetika-paradiso.com\/hr\/wp-json\/wp\/v2\/product"}],"about":[{"href":"https:\/\/estetika-paradiso.com\/hr\/wp-json\/wp\/v2\/types\/product"}],"wp:featuredmedia":[{"embeddable":true,"href":"https:\/\/estetika-paradiso.com\/hr\/wp-json\/wp\/v2\/media\/2109"}],"wp:attachment":[{"href":"https:\/\/estetika-paradiso.com\/hr\/wp-json\/wp\/v2\/media?parent=3456"}],"wp:term":[{"taxonomy":"product_brand","embeddable":true,"href":"https:\/\/estetika-paradiso.com\/hr\/wp-json\/wp\/v2\/product_brand?post=3456"},{"taxonomy":"product_cat","embeddable":true,"href":"https:\/\/estetika-paradiso.com\/hr\/wp-json\/wp\/v2\/product_cat?post=3456"},{"taxonomy":"product_tag","embeddable":true,"href":"https:\/\/estetika-paradiso.com\/hr\/wp-json\/wp\/v2\/product_tag?post=3456"}],"curies":[{"name":"wp","href":"https:\/\/api.w.org\/{rel}","templated":true}]}}