{"id":3462,"date":"2025-02-18T21:27:10","date_gmt":"2025-02-18T20:27:10","guid":{"rendered":"https:\/\/estetika-paradiso.com\/product\/whitening-dual-lift-pack\/"},"modified":"2025-05-23T11:23:41","modified_gmt":"2025-05-23T10:23:41","slug":"whitening-dual-lift-pack","status":"publish","type":"product","link":"https:\/\/estetika-paradiso.com\/hr\/proizvod\/whitening-dual-lift-pack\/","title":{"rendered":"WHITENING DUAL LIFT PACK"},"content":{"rendered":"","protected":false},"excerpt":{"rendered":"<p>HYA 4 WHITE PLUS sadr\u017ei 7 aktivnih sastojaka, od kojih pet djeluje na razli\u010ditim fazama procesa stvaranja melanina \u2013 od \u010ditanja DNA do kona\u010dnog pojavljivanja melanina u gornjem sloju epidermisa, \u0161to rezultira pigmentnim mrljama. \u010cetiri od tih pet sastojaka tako\u0111er posvjetljuju i ujedna\u010davaju ten ko\u017ee. HYA 4 WHITE PLUS pru\u017ea i za\u0161titu od slobodnih radikala te UVA zraka. Zahvaljuju\u0107i vi\u0161estrukom pristupu, ovaj proizvod je jedinstven na globalnoj razini. Gel za posvjetljivanje ko\u017ee HYA 4 WHITE PLUS prikladan je za sve tipove ko\u017ee.<\/p>\n<p>LIA C 6\u00ae SENSI CARE SPF 30 je posebna krema za za\u0161titu od sunca koja u\u010dinkovito \u0161titi i najosjetljiviju ko\u017eu od \u0161tetnih posljedica izlaganja suncu, poput opeklina i fotostarenja. Prikladna je i za djecu. Brzo se upija i ne ostavlja mastan trag. SPF 30 zna\u010di da se prirodni vremenski period za\u0161tite ko\u017ee od sun\u010devih zraka produ\u017euje 30 puta, pod uvjetom da se proizvod nanese u dovoljnoj koli\u010dini i ravnomjerno te da se nakon pranja ili brisanja ko\u017ee nano\u0161enje ponovi. Ipak, preporu\u010duje se izbjegavanje intenzivnog izlaganja suncu tijekom podnevnih sati, a malu djecu i dojen\u010dad nikada ne treba izlagati direktnoj jakoj sun\u010devoj svjetlosti.<\/p>\n<p>Krema LIA C 6\u00ae SENSI CARE SPF 30 tako\u0111er sadr\u017ei LIA za\u0161titu (uz visoku UVB za\u0161titu, pru\u017ea gotovo 100% UVA za\u0161titu i HDBM \u2013 \u201cpametni\u201d hvata\u010d slobodnih radikala).<\/p>\n<p><strong>Pakiranje:<\/strong> 2x 30 ml<\/p>\n","protected":false},"featured_media":2105,"template":"","meta":{"_acf_changed":false,"inline_featured_image":false},"product_brand":[],"product_cat":[201,215,237,224,235],"product_tag":[],"class_list":{"0":"post-3462","1":"product","2":"type-product","3":"status-publish","4":"has-post-thumbnail","6":"product_cat-lice","7":"product_cat-njega-lica-hr","8":"product_cat-posvjetljivanje-i-ujednacen-ten-koze","9":"product_cat-set-hr","10":"product_cat-sunce","12":"first","13":"instock","14":"purchasable","15":"product-type-simple"},"acf":[],"_links":{"self":[{"href":"https:\/\/estetika-paradiso.com\/hr\/wp-json\/wp\/v2\/product\/3462","targetHints":{"allow":["GET"]}}],"collection":[{"href":"https:\/\/estetika-paradiso.com\/hr\/wp-json\/wp\/v2\/product"}],"about":[{"href":"https:\/\/estetika-paradiso.com\/hr\/wp-json\/wp\/v2\/types\/product"}],"wp:featuredmedia":[{"embeddable":true,"href":"https:\/\/estetika-paradiso.com\/hr\/wp-json\/wp\/v2\/media\/2105"}],"wp:attachment":[{"href":"https:\/\/estetika-paradiso.com\/hr\/wp-json\/wp\/v2\/media?parent=3462"}],"wp:term":[{"taxonomy":"product_brand","embeddable":true,"href":"https:\/\/estetika-paradiso.com\/hr\/wp-json\/wp\/v2\/product_brand?post=3462"},{"taxonomy":"product_cat","embeddable":true,"href":"https:\/\/estetika-paradiso.com\/hr\/wp-json\/wp\/v2\/product_cat?post=3462"},{"taxonomy":"product_tag","embeddable":true,"href":"https:\/\/estetika-paradiso.com\/hr\/wp-json\/wp\/v2\/product_tag?post=3462"}],"curies":[{"name":"wp","href":"https:\/\/api.w.org\/{rel}","templated":true}]}}