{"id":3463,"date":"2025-02-18T21:27:10","date_gmt":"2025-02-18T20:27:10","guid":{"rendered":"https:\/\/estetika-paradiso.com\/product\/hya-4-white-plus\/"},"modified":"2025-10-06T06:21:09","modified_gmt":"2025-10-06T05:21:09","slug":"hya-4-white-plus","status":"publish","type":"product","link":"https:\/\/estetika-paradiso.com\/hr\/proizvod\/hya-4-white-plus\/","title":{"rendered":"HYA 4 WHITE PLUS"},"content":{"rendered":"","protected":false},"excerpt":{"rendered":"<p>HYA 4 WHITE PLUS sadr\u017ei 7 aktivnih sastojaka, od kojih pet na razli\u010dite na\u010dine prekida stvaranje melanina u pet razli\u010ditih faza procesa \u2014 od \u010ditanja DNK zapisa do kona\u010dnog pojavljivanja melanina na gornjem sloju epidermisa, \u0161to rezultira pigmentnim mrljama. \u010cetiri od tih pet sastojaka tako\u0111er doprinose posvjetljenju i ujedna\u010denom tenu ko\u017ee. HYA 4 WHITE PLUS tako\u0111er pru\u017ea za\u0161titu od slobodnih radikala i UVA zraka. Zahvaljuju\u0107i vi\u0161estrukom pristupu, ovaj proizvod je jedinstven na svjetskoj razini. Gel za posvjetljenje ko\u017ee HYA 4 WHITE PLUS prikladan je za sve tipove ko\u017ee.<\/p>\n<p><strong>Pakiranje:<\/strong> dozirna bo\u010dica 15 ml<\/p>\n","protected":false},"featured_media":2104,"template":"","meta":{"_acf_changed":false,"inline_featured_image":false},"product_brand":[],"product_cat":[201,240,241,242,237,245,235,239],"product_tag":[],"class_list":{"0":"post-3463","1":"product","2":"type-product","3":"status-publish","4":"has-post-thumbnail","6":"product_cat-lice","7":"product_cat-masna-koza","8":"product_cat-mjesovita-koza","9":"product_cat-normalna-koza-hr","10":"product_cat-posvjetljivanje-i-ujednacen-ten-koze","11":"product_cat-suha-koza-hr","12":"product_cat-sunce","13":"product_cat-tip-koze-hr","15":"first","16":"instock","17":"purchasable","18":"product-type-simple"},"acf":[],"_links":{"self":[{"href":"https:\/\/estetika-paradiso.com\/hr\/wp-json\/wp\/v2\/product\/3463","targetHints":{"allow":["GET"]}}],"collection":[{"href":"https:\/\/estetika-paradiso.com\/hr\/wp-json\/wp\/v2\/product"}],"about":[{"href":"https:\/\/estetika-paradiso.com\/hr\/wp-json\/wp\/v2\/types\/product"}],"wp:featuredmedia":[{"embeddable":true,"href":"https:\/\/estetika-paradiso.com\/hr\/wp-json\/wp\/v2\/media\/2104"}],"wp:attachment":[{"href":"https:\/\/estetika-paradiso.com\/hr\/wp-json\/wp\/v2\/media?parent=3463"}],"wp:term":[{"taxonomy":"product_brand","embeddable":true,"href":"https:\/\/estetika-paradiso.com\/hr\/wp-json\/wp\/v2\/product_brand?post=3463"},{"taxonomy":"product_cat","embeddable":true,"href":"https:\/\/estetika-paradiso.com\/hr\/wp-json\/wp\/v2\/product_cat?post=3463"},{"taxonomy":"product_tag","embeddable":true,"href":"https:\/\/estetika-paradiso.com\/hr\/wp-json\/wp\/v2\/product_tag?post=3463"}],"curies":[{"name":"wp","href":"https:\/\/api.w.org\/{rel}","templated":true}]}}