{"id":3464,"date":"2025-02-18T21:27:10","date_gmt":"2025-02-18T20:27:10","guid":{"rendered":"https:\/\/estetika-paradiso.com\/product\/lmx-lia-c-6-day-cream-elegance\/"},"modified":"2025-05-23T13:10:59","modified_gmt":"2025-05-23T12:10:59","slug":"lmx-lia-c-6-day-cream-elegance","status":"publish","type":"product","link":"https:\/\/estetika-paradiso.com\/hr\/proizvod\/lmx-lia-c-6-day-cream-elegance\/","title":{"rendered":"LMX LIA C 6\u00ae DAY CREAM ELEGANCE"},"content":{"rendered":"","protected":false},"excerpt":{"rendered":"<p>Krema LMX LIA C 6\u00ae DAY CREAM ELEGANCE je laganija dnevna krema za normalnu, mje\u0161ovitu i umjereno suhu ko\u017eu. Na\u0161a nova LMX osnovna formula inovativna je kombinacija hidratiziranog fosfatidilholina, ceramida i lignoceri\u010dne kiseline, koja intenzivnije podr\u017eava i obnavlja za\u0161titnu funkciju epidermisa u usporedbi s prethodnom LMS formulom. Osigurava gotovo dvostruko ja\u010du LIA za\u0161titu u odnosu na LMS.<\/p>\n<p>Pru\u017ea vrlo visoku za\u0161titu od fotostarenja zahvaljuju\u0107i trima razli\u010ditim UVA filtrima ugra\u0111enim u LMX kremnu bazu te HDBM \u2013 \u201epametnom\u201c hvata\u010du slobodnih radikala. Namjerno ni\u017ea UVB za\u0161tita (oko 85% apsorpcije UVB zraka od filtera) dovoljna je za normalnu dnevnu izlo\u017eenost suncu, a istovremeno omogu\u0107ava va\u017enu sintezu vitamina D u ko\u017ei.<\/p>\n<p>Kremna baza bez emulgatora \u0161titi i obnavlja prirodnu lipidnu barijeru ro\u017enate plasti ko\u017ee. Zahvaljuju\u0107i LMX bazi bez emulgatora, filteri ostaju u ro\u017enatoj plasti epidermisa i ne prodiru dublje u ko\u017eu.<\/p>\n<p>Sadr\u017ei i aktivne sastojke za zagla\u0111ivanje bora \u2014 visokou\u010dinkovite signalne peptide (Matrixyl\u00ae i Idealift) koji poti\u010du proizvodnju kolagena i elastina. Redovitom uporabom svih na\u0161ih krema s LIA za\u0161titom, ko\u017ea \u0107e stariti upola sporije.<\/p>\n<p>Bez konzervansa, pogodna i za osobe osjetljive na njih.<\/p>\n<p><strong>Koli\u010dina:<\/strong> 50 ml<\/p>\n","protected":false},"featured_media":2115,"template":"","meta":{"_acf_changed":false,"inline_featured_image":false},"product_brand":[],"product_cat":[216,201,241,215,242,245,239,232],"product_tag":[],"class_list":{"0":"post-3464","1":"product","2":"type-product","3":"status-publish","4":"has-post-thumbnail","6":"product_cat-dnevne-kreme-hr","7":"product_cat-lice","8":"product_cat-mjesovita-koza","9":"product_cat-njega-lica-hr","10":"product_cat-normalna-koza-hr","11":"product_cat-suha-koza-hr","12":"product_cat-tip-koze-hr","13":"product_cat-umirivanje-koze","15":"first","16":"instock","17":"purchasable","18":"product-type-simple"},"acf":[],"_links":{"self":[{"href":"https:\/\/estetika-paradiso.com\/hr\/wp-json\/wp\/v2\/product\/3464","targetHints":{"allow":["GET"]}}],"collection":[{"href":"https:\/\/estetika-paradiso.com\/hr\/wp-json\/wp\/v2\/product"}],"about":[{"href":"https:\/\/estetika-paradiso.com\/hr\/wp-json\/wp\/v2\/types\/product"}],"wp:featuredmedia":[{"embeddable":true,"href":"https:\/\/estetika-paradiso.com\/hr\/wp-json\/wp\/v2\/media\/2115"}],"wp:attachment":[{"href":"https:\/\/estetika-paradiso.com\/hr\/wp-json\/wp\/v2\/media?parent=3464"}],"wp:term":[{"taxonomy":"product_brand","embeddable":true,"href":"https:\/\/estetika-paradiso.com\/hr\/wp-json\/wp\/v2\/product_brand?post=3464"},{"taxonomy":"product_cat","embeddable":true,"href":"https:\/\/estetika-paradiso.com\/hr\/wp-json\/wp\/v2\/product_cat?post=3464"},{"taxonomy":"product_tag","embeddable":true,"href":"https:\/\/estetika-paradiso.com\/hr\/wp-json\/wp\/v2\/product_tag?post=3464"}],"curies":[{"name":"wp","href":"https:\/\/api.w.org\/{rel}","templated":true}]}}