{"id":3466,"date":"2025-02-18T21:27:10","date_gmt":"2025-02-18T20:27:10","guid":{"rendered":"https:\/\/estetika-paradiso.com\/product\/lia-c6-day-cream-rich\/"},"modified":"2025-05-26T08:33:36","modified_gmt":"2025-05-26T07:33:36","slug":"lia-c6-day-cream-rich","status":"publish","type":"product","link":"https:\/\/estetika-paradiso.com\/hr\/proizvod\/lia-c6-day-cream-rich\/","title":{"rendered":"LIA C6 DAY CREAM RICH"},"content":{"rendered":"","protected":false},"excerpt":{"rendered":"<p>Krema LIA C 6\u00ae DAY CREAM RICH idealna je dnevna krema za zahtjevnu, vrlo suhu ko\u017eu. Sa trostrukim slojem UVA filtera koji se u kombinaciji s LMS &#8220;ukorjenjuju&#8221; u ro\u017enatom sloju epidermisa (i ne prodiru dublje u ko\u017eu), te dodatnom podr\u0161kom &#8220;pametnog&#8221; hvata\u010da slobodnih radikala HDBM (20 puta sna\u017enijeg od vitamina E), posti\u017ee se gotovo 100% za\u0161tita od UVA zraka. Tako\u0111er sadr\u017ei visoko u\u010dinkovite signalne peptide koji djeluju kao poticatelji stvaranja novog kolagena i elastina (Matrixyl\u00ae i Idealift).<\/p>\n<p>Hranjiva krema ima vrlo bogatu LMS bazu, stoga je pogodna i za zrelu, dehidriranu, suhu i vrlo suhu ko\u017eu.<\/p>\n<p>Pakiranje: dozirna bo\u010dica od 15 ili 50 ml<\/p>\n","protected":false},"featured_media":2117,"template":"","meta":{"_acf_changed":false,"inline_featured_image":false},"product_brand":[],"product_cat":[216,201,215,245,239,232],"product_tag":[],"class_list":{"0":"post-3466","1":"product","2":"type-product","3":"status-publish","4":"has-post-thumbnail","6":"product_cat-dnevne-kreme-hr","7":"product_cat-lice","8":"product_cat-njega-lica-hr","9":"product_cat-suha-koza-hr","10":"product_cat-tip-koze-hr","11":"product_cat-umirivanje-koze","13":"first","14":"instock","15":"purchasable","16":"product-type-variable"},"acf":[],"_links":{"self":[{"href":"https:\/\/estetika-paradiso.com\/hr\/wp-json\/wp\/v2\/product\/3466","targetHints":{"allow":["GET"]}}],"collection":[{"href":"https:\/\/estetika-paradiso.com\/hr\/wp-json\/wp\/v2\/product"}],"about":[{"href":"https:\/\/estetika-paradiso.com\/hr\/wp-json\/wp\/v2\/types\/product"}],"wp:featuredmedia":[{"embeddable":true,"href":"https:\/\/estetika-paradiso.com\/hr\/wp-json\/wp\/v2\/media\/2117"}],"wp:attachment":[{"href":"https:\/\/estetika-paradiso.com\/hr\/wp-json\/wp\/v2\/media?parent=3466"}],"wp:term":[{"taxonomy":"product_brand","embeddable":true,"href":"https:\/\/estetika-paradiso.com\/hr\/wp-json\/wp\/v2\/product_brand?post=3466"},{"taxonomy":"product_cat","embeddable":true,"href":"https:\/\/estetika-paradiso.com\/hr\/wp-json\/wp\/v2\/product_cat?post=3466"},{"taxonomy":"product_tag","embeddable":true,"href":"https:\/\/estetika-paradiso.com\/hr\/wp-json\/wp\/v2\/product_tag?post=3466"}],"curies":[{"name":"wp","href":"https:\/\/api.w.org\/{rel}","templated":true}]}}