{"id":3468,"date":"2025-02-18T21:27:10","date_gmt":"2025-02-18T20:27:10","guid":{"rendered":"https:\/\/estetika-paradiso.com\/product\/lmx-lia-c6-fluid-cream\/"},"modified":"2025-05-26T08:35:16","modified_gmt":"2025-05-26T07:35:16","slug":"lmx-lia-c6-fluid-cream","status":"publish","type":"product","link":"https:\/\/estetika-paradiso.com\/hr\/proizvod\/lmx-lia-c6-fluid-cream\/","title":{"rendered":"LMX LIA C6 FLUID CREAM"},"content":{"rendered":"","protected":false},"excerpt":{"rendered":"<p>Krema LMX LIA C 6\u00ae FLUID CREAM vrlo je sli\u010dna dnevnoj kremi LIA C 6\u00ae, no zbog ni\u017eih koncentracija LMX-a i lipida znatno je lak\u0161a, \u0161to je \u010dini prikladnijom za manje suhu \u2014 mje\u0161ovitu i masnu ko\u017eu. Zbog ni\u017ee viskoznosti idealna je i za dekolte.<\/p>\n<p>Nova LMX kremna baza, inovativna formula od hidratiziranog fosfatidilholina, ceramida i lignocerinske kiseline, jo\u0161 intenzivnije podr\u017eava i obnavlja za\u0161titnu funkciju epidermalne barijere u usporedbi s dosada\u0161njom LMS formulom. Kao i sve LMX kreme, pru\u017ea gotovo dvostruko ja\u010du LIA za\u0161titu u odnosu na LMS.<\/p>\n<p>Pru\u017ea vrlo visoku za\u0161titu od fotostarenja zahvaljuju\u0107i trima razli\u010ditim UVA filtrima ugra\u0111enim u LMX kremnu bazu te HDBM \u2014 \u201cpametnom\u201d hvata\u010du slobodnih radikala. Namjerno ni\u017ea UVB za\u0161tita (oko 85% apsorpcije UVB zraka) dovoljna je za normalnu dnevnu izlo\u017eenost suncu, a istovremeno omogu\u0107ava va\u017enu sintezu vitamina D u ko\u017ei.<\/p>\n<p>Kremna baza bez emulgatora \u0161titi i obnavlja prirodnu lipidnu barijeru ro\u017enate plasti ko\u017ee. Zahvaljuju\u0107i LMX bazi bez emulgatora, filteri ostaju u ro\u017enatoj plasti epidermisa i ne prodiru dublje u ko\u017eu.<\/p>\n<p>Redovitom uporabom svih krema za LIA za\u0161titu, ko\u017ea \u0107e stariti upola sporije. Bez konzervansa, pogodna i za osobe osjetljive na njih.<\/p>\n<p><strong>Koli\u010dina:<\/strong> 50 ml<\/p>\n","protected":false},"featured_media":2118,"template":"","meta":{"_acf_changed":false,"inline_featured_image":false},"product_brand":[],"product_cat":[216,201,240,241,215,242,239],"product_tag":[],"class_list":{"0":"post-3468","1":"product","2":"type-product","3":"status-publish","4":"has-post-thumbnail","6":"product_cat-dnevne-kreme-hr","7":"product_cat-lice","8":"product_cat-masna-koza","9":"product_cat-mjesovita-koza","10":"product_cat-njega-lica-hr","11":"product_cat-normalna-koza-hr","12":"product_cat-tip-koze-hr","14":"first","15":"instock","16":"purchasable","17":"product-type-simple"},"acf":[],"_links":{"self":[{"href":"https:\/\/estetika-paradiso.com\/hr\/wp-json\/wp\/v2\/product\/3468","targetHints":{"allow":["GET"]}}],"collection":[{"href":"https:\/\/estetika-paradiso.com\/hr\/wp-json\/wp\/v2\/product"}],"about":[{"href":"https:\/\/estetika-paradiso.com\/hr\/wp-json\/wp\/v2\/types\/product"}],"wp:featuredmedia":[{"embeddable":true,"href":"https:\/\/estetika-paradiso.com\/hr\/wp-json\/wp\/v2\/media\/2118"}],"wp:attachment":[{"href":"https:\/\/estetika-paradiso.com\/hr\/wp-json\/wp\/v2\/media?parent=3468"}],"wp:term":[{"taxonomy":"product_brand","embeddable":true,"href":"https:\/\/estetika-paradiso.com\/hr\/wp-json\/wp\/v2\/product_brand?post=3468"},{"taxonomy":"product_cat","embeddable":true,"href":"https:\/\/estetika-paradiso.com\/hr\/wp-json\/wp\/v2\/product_cat?post=3468"},{"taxonomy":"product_tag","embeddable":true,"href":"https:\/\/estetika-paradiso.com\/hr\/wp-json\/wp\/v2\/product_tag?post=3468"}],"curies":[{"name":"wp","href":"https:\/\/api.w.org\/{rel}","templated":true}]}}