{"id":3469,"date":"2025-02-18T21:27:10","date_gmt":"2025-02-18T20:27:10","guid":{"rendered":"https:\/\/estetika-paradiso.com\/product\/hya-4-capimed\/"},"modified":"2025-05-26T08:38:45","modified_gmt":"2025-05-26T07:38:45","slug":"hya-4-capimed","status":"publish","type":"product","link":"https:\/\/estetika-paradiso.com\/hr\/proizvod\/hya-4-capimed\/","title":{"rendered":"HYA 4 CAPIMED"},"content":{"rendered":"","protected":false},"excerpt":{"rendered":"<p>HYA 4 CAPIMED je visoko u\u010dinkovit hijaluronski gel za ja\u010danje krhkih kapilara. Sadr\u017ei 5 aktivnih sastojaka koji, u kombinaciji s \u010detverolan\u010danom hijaluronskom formulom, ciljano djeluju na problemati\u010dna podru\u010dja u dermisu i istovremeno na uzroke crvenila ko\u017ee. HYA 4 CAPIMED koristi se za smanjenje vidljivosti pro\u0161irenih kapilara, ja\u010danje osjetljivih zidova kapilara i smanjenje crvenila.<\/p>\n<p>Pakiranje: 15 ml ili 30 ml<\/p>\n","protected":false},"featured_media":2103,"template":"","meta":{"_acf_changed":false,"inline_featured_image":false},"product_brand":[],"product_cat":[201,232],"product_tag":[],"class_list":{"0":"post-3469","1":"product","2":"type-product","3":"status-publish","4":"has-post-thumbnail","6":"product_cat-lice","7":"product_cat-umirivanje-koze","9":"first","10":"instock","11":"purchasable","12":"product-type-variable"},"acf":[],"_links":{"self":[{"href":"https:\/\/estetika-paradiso.com\/hr\/wp-json\/wp\/v2\/product\/3469","targetHints":{"allow":["GET"]}}],"collection":[{"href":"https:\/\/estetika-paradiso.com\/hr\/wp-json\/wp\/v2\/product"}],"about":[{"href":"https:\/\/estetika-paradiso.com\/hr\/wp-json\/wp\/v2\/types\/product"}],"wp:featuredmedia":[{"embeddable":true,"href":"https:\/\/estetika-paradiso.com\/hr\/wp-json\/wp\/v2\/media\/2103"}],"wp:attachment":[{"href":"https:\/\/estetika-paradiso.com\/hr\/wp-json\/wp\/v2\/media?parent=3469"}],"wp:term":[{"taxonomy":"product_brand","embeddable":true,"href":"https:\/\/estetika-paradiso.com\/hr\/wp-json\/wp\/v2\/product_brand?post=3469"},{"taxonomy":"product_cat","embeddable":true,"href":"https:\/\/estetika-paradiso.com\/hr\/wp-json\/wp\/v2\/product_cat?post=3469"},{"taxonomy":"product_tag","embeddable":true,"href":"https:\/\/estetika-paradiso.com\/hr\/wp-json\/wp\/v2\/product_tag?post=3469"}],"curies":[{"name":"wp","href":"https:\/\/api.w.org\/{rel}","templated":true}]}}