{"id":3471,"date":"2025-02-18T21:27:10","date_gmt":"2025-02-18T20:27:10","guid":{"rendered":"https:\/\/estetika-paradiso.com\/product\/hya-4-hyaderm-n\/"},"modified":"2025-05-26T08:40:52","modified_gmt":"2025-05-26T07:40:52","slug":"hya-4-hyaderm-n","status":"publish","type":"product","link":"https:\/\/estetika-paradiso.com\/hr\/proizvod\/hya-4-hyaderm-n\/","title":{"rendered":"HYA 4 HYADERM N"},"content":{"rendered":"","protected":false},"excerpt":{"rendered":"<p>HYA 4 HYADERM N je izuzetno u\u010dinkovit umiruju\u0107i gel. Namenjen je ubla\u017eavanju reakcija nakon manjih (bolnih) o\u0161te\u0107enja ko\u017ee (ogrebotine, ubodi insekata, opekline), upala ili iritacija (crvenilo, peckanje, svrab), kao i smanjenju simptoma kroni\u010dnih upala ko\u017ee (atopijski dermatitis, neurodermatitis). HYADERM N u\u010dinkovito ubla\u017eava osje\u0107aj iritacije kod najneugodnijih ko\u017enih reakcija, a u kombinaciji s umiruju\u0107om kremom LIA C 6\u00ae SOOTHING CREAM ubrzava obnovu ko\u017ee. Osnovnu formulu s \u010detiri vrste hijaluronske kiseline dopunjuje 8 pa\u017eljivo odabranih aktivnih sastojaka, koji svaki na svoj na\u010din pridonose umirenju i obnovi nadra\u017eene, odnosno kroni\u010dno suhe i svrbe\u017ene ko\u017ee.<\/p>\n<p>Pakiranje: dozirna bo\u010dica 15 ml ili 30 ml<\/p>\n","protected":false},"featured_media":2102,"template":"","meta":{"_acf_changed":false,"inline_featured_image":false},"product_brand":[],"product_cat":[201,232],"product_tag":[],"class_list":{"0":"post-3471","1":"product","2":"type-product","3":"status-publish","4":"has-post-thumbnail","6":"product_cat-lice","7":"product_cat-umirivanje-koze","9":"first","10":"instock","11":"purchasable","12":"product-type-variable"},"acf":[],"_links":{"self":[{"href":"https:\/\/estetika-paradiso.com\/hr\/wp-json\/wp\/v2\/product\/3471","targetHints":{"allow":["GET"]}}],"collection":[{"href":"https:\/\/estetika-paradiso.com\/hr\/wp-json\/wp\/v2\/product"}],"about":[{"href":"https:\/\/estetika-paradiso.com\/hr\/wp-json\/wp\/v2\/types\/product"}],"wp:featuredmedia":[{"embeddable":true,"href":"https:\/\/estetika-paradiso.com\/hr\/wp-json\/wp\/v2\/media\/2102"}],"wp:attachment":[{"href":"https:\/\/estetika-paradiso.com\/hr\/wp-json\/wp\/v2\/media?parent=3471"}],"wp:term":[{"taxonomy":"product_brand","embeddable":true,"href":"https:\/\/estetika-paradiso.com\/hr\/wp-json\/wp\/v2\/product_brand?post=3471"},{"taxonomy":"product_cat","embeddable":true,"href":"https:\/\/estetika-paradiso.com\/hr\/wp-json\/wp\/v2\/product_cat?post=3471"},{"taxonomy":"product_tag","embeddable":true,"href":"https:\/\/estetika-paradiso.com\/hr\/wp-json\/wp\/v2\/product_tag?post=3471"}],"curies":[{"name":"wp","href":"https:\/\/api.w.org\/{rel}","templated":true}]}}