{"id":3476,"date":"2025-02-18T21:27:10","date_gmt":"2025-02-18T20:27:10","guid":{"rendered":"https:\/\/estetika-paradiso.com\/product\/lia-c6-day-cream-24k-gold\/"},"modified":"2025-05-26T08:46:32","modified_gmt":"2025-05-26T07:46:32","slug":"lia-c6-day-cream-24k-gold","status":"publish","type":"product","link":"https:\/\/estetika-paradiso.com\/hr\/proizvod\/lia-c6-day-cream-24k-gold\/","title":{"rendered":"LIA C6 DAY CREAM 24K GOLD"},"content":{"rendered":"","protected":false},"excerpt":{"rendered":"<p>LIA C 6\u00ae DAY CREAM 24K GOLD je dnevna krema za normalnu do umjereno suhu ko\u017eu, osjetljivu na parfeme, jer ne sadr\u017ei mirisna ulja. Krema optimalno \u0161titi ko\u017eu od vanjskih utjecaja i pru\u017ea sve \u0161to je potrebno za pa\u017eljivo njegovani mladena\u010dki izgled. Osim trostruke LIA za\u0161tite (gotovo 100% UVA za\u0161tita, 84% UVB za\u0161tita te HDBM \u2013 \u201epametni\u201c hvata\u010d slobodnih radikala), sadr\u017ei i aktivne sastojke za zagla\u0111ivanje bora, odnosno visoko u\u010dinkovite signalne peptide koji djeluju kao poticatelji kolagena i elastina (Matrixyl\u00ae i Idealift). Krema LIA C 6\u00ae DAY CREAM 24K GOLD tako\u0111er pru\u017ea za\u0161titu od radikala nastalih zbog IR zra\u010denja i pospje\u0161uje blistavost ko\u017ee.<\/p>\n<p>Pakiranje: 50 ml<\/p>\n","protected":false},"featured_media":2122,"template":"","meta":{"_acf_changed":false,"inline_featured_image":false},"product_brand":[],"product_cat":[216,201,215,242,245,239],"product_tag":[],"class_list":{"0":"post-3476","1":"product","2":"type-product","3":"status-publish","4":"has-post-thumbnail","6":"product_cat-dnevne-kreme-hr","7":"product_cat-lice","8":"product_cat-njega-lica-hr","9":"product_cat-normalna-koza-hr","10":"product_cat-suha-koza-hr","11":"product_cat-tip-koze-hr","13":"first","14":"instock","15":"purchasable","16":"product-type-simple"},"acf":[],"_links":{"self":[{"href":"https:\/\/estetika-paradiso.com\/hr\/wp-json\/wp\/v2\/product\/3476","targetHints":{"allow":["GET"]}}],"collection":[{"href":"https:\/\/estetika-paradiso.com\/hr\/wp-json\/wp\/v2\/product"}],"about":[{"href":"https:\/\/estetika-paradiso.com\/hr\/wp-json\/wp\/v2\/types\/product"}],"wp:featuredmedia":[{"embeddable":true,"href":"https:\/\/estetika-paradiso.com\/hr\/wp-json\/wp\/v2\/media\/2122"}],"wp:attachment":[{"href":"https:\/\/estetika-paradiso.com\/hr\/wp-json\/wp\/v2\/media?parent=3476"}],"wp:term":[{"taxonomy":"product_brand","embeddable":true,"href":"https:\/\/estetika-paradiso.com\/hr\/wp-json\/wp\/v2\/product_brand?post=3476"},{"taxonomy":"product_cat","embeddable":true,"href":"https:\/\/estetika-paradiso.com\/hr\/wp-json\/wp\/v2\/product_cat?post=3476"},{"taxonomy":"product_tag","embeddable":true,"href":"https:\/\/estetika-paradiso.com\/hr\/wp-json\/wp\/v2\/product_tag?post=3476"}],"curies":[{"name":"wp","href":"https:\/\/api.w.org\/{rel}","templated":true}]}}