{"id":3479,"date":"2025-02-18T21:27:10","date_gmt":"2025-02-18T20:27:10","guid":{"rendered":"https:\/\/estetika-paradiso.com\/product\/lia-c6-night-cream\/"},"modified":"2025-05-26T08:50:57","modified_gmt":"2025-05-26T07:50:57","slug":"lia-c6-night-cream","status":"publish","type":"product","link":"https:\/\/estetika-paradiso.com\/hr\/proizvod\/lia-c6-night-cream\/","title":{"rendered":"LIA C6 NIGHT CREAM"},"content":{"rendered":"","protected":false},"excerpt":{"rendered":"<p>LIA C 6\u00ae NIGHT CREAM je no\u0107na krema namenjena intenzivnoj regeneraciji ko\u017ee, koja poti\u010de procese obnove ko\u017ee tijekom spavanja. Sadr\u017ei aktivne sastojke za zagla\u0111ivanje bora koji djeluju kao poticatelji kolagena i elastina (Matrixyl\u00ae i Idealift), aktivnu tvar sli\u010dnu vitaminu A dobivenu iz morskog je\u017ea (AROLEAT SAMPHIRA) te signalne peptide protiv starenja ko\u017ee. Pakiranje: dozirna bo\u010dica 15 ml ili 50 ml.<\/p>\n","protected":false},"featured_media":2124,"template":"","meta":{"_acf_changed":false,"inline_featured_image":false},"product_brand":[],"product_cat":[201,215,220,242,245,239,217],"product_tag":[],"class_list":{"0":"post-3479","1":"product","2":"type-product","3":"status-publish","4":"has-post-thumbnail","6":"product_cat-lice","7":"product_cat-njega-lica-hr","8":"product_cat-nocne-kreme-hr","9":"product_cat-normalna-koza-hr","10":"product_cat-suha-koza-hr","11":"product_cat-tip-koze-hr","12":"product_cat-uklanjanje-bora","14":"first","15":"instock","16":"purchasable","17":"product-type-variable"},"acf":[],"_links":{"self":[{"href":"https:\/\/estetika-paradiso.com\/hr\/wp-json\/wp\/v2\/product\/3479","targetHints":{"allow":["GET"]}}],"collection":[{"href":"https:\/\/estetika-paradiso.com\/hr\/wp-json\/wp\/v2\/product"}],"about":[{"href":"https:\/\/estetika-paradiso.com\/hr\/wp-json\/wp\/v2\/types\/product"}],"wp:featuredmedia":[{"embeddable":true,"href":"https:\/\/estetika-paradiso.com\/hr\/wp-json\/wp\/v2\/media\/2124"}],"wp:attachment":[{"href":"https:\/\/estetika-paradiso.com\/hr\/wp-json\/wp\/v2\/media?parent=3479"}],"wp:term":[{"taxonomy":"product_brand","embeddable":true,"href":"https:\/\/estetika-paradiso.com\/hr\/wp-json\/wp\/v2\/product_brand?post=3479"},{"taxonomy":"product_cat","embeddable":true,"href":"https:\/\/estetika-paradiso.com\/hr\/wp-json\/wp\/v2\/product_cat?post=3479"},{"taxonomy":"product_tag","embeddable":true,"href":"https:\/\/estetika-paradiso.com\/hr\/wp-json\/wp\/v2\/product_tag?post=3479"}],"curies":[{"name":"wp","href":"https:\/\/api.w.org\/{rel}","templated":true}]}}