{"id":3485,"date":"2025-02-18T21:27:10","date_gmt":"2025-02-18T20:27:10","guid":{"rendered":"https:\/\/estetika-paradiso.com\/product\/lmx-lia-c6-body-lotion\/"},"modified":"2025-05-26T09:06:43","modified_gmt":"2025-05-26T08:06:43","slug":"lmx-lia-c6-body-lotion","status":"publish","type":"product","link":"https:\/\/estetika-paradiso.com\/hr\/proizvod\/lmx-lia-c6-body-lotion\/","title":{"rendered":"LMX LIA C6 BODY LOTION"},"content":{"rendered":"","protected":false},"excerpt":{"rendered":"<p>LMX LIA C 6\u00ae BODYLOTION je losion za tijelo lagane teksture, namijenjen njezi suhih podru\u010dja ko\u017ee na cijelom tijelu. Njeguje ko\u017eu i \u0161titi prirodnu lipidnu barijeru ko\u017ee. Inovativna LMX baza od hidratiziranog fosfatidilkolina, ceramida i lignocerinske kiseline intenzivnije podr\u017eava i obnavlja za\u0161titnu funkciju ko\u017ee u usporedbi s prethodnim LMS-om. Vrlo visoka za\u0161tita protiv starenja ko\u017ee uslijed izlo\u017eenosti svjetlu, zahvaljuju\u0107i trima razli\u010ditim UVA filterima ugra\u0111enim u LMX kremastu bazu te HDBM \u2013 \u201epametnom\u201c hvata\u010du slobodnih radikala. Namjerno ni\u017ea UVB za\u0161tita (pribli\u017eno 85% apsorpcije UVB svjetlosti od strane filtera), dovoljna za normalno dnevno izlaganje dnevnoj svjetlosti, a istovremeno omogu\u0107uje zna\u010dajnu sintezu vitamina D u ko\u017ei. Kremasta baza bez emulgatora \u0161titi i obnavlja prirodnu lipidnu barijeru ro\u017enate plasti ko\u017ee. Zahvaljuju\u0107i LMX kremastoj bazi koja ne sadr\u017ei emulgatore, filteri ostaju u ro\u017enatoj plasti epidermisa i ne prodiru dublje u ko\u017eu. Upotrebom svih na\u0161ih krema sa LIA za\u0161titom, ko\u017ea \u0107e stariti samo polovnom brzinom. Bez konzervansa (pogodno i za osobe osjetljive na njih). Losion LIA C 6\u00ae BODYLOTION prikladan je za sve tipove ko\u017ee. Koli\u010dina: 200 ml<\/p>\n","protected":false},"featured_media":2695,"template":"","meta":{"_acf_changed":false,"inline_featured_image":false},"product_brand":[],"product_cat":[259,256,255],"product_tag":[],"class_list":{"0":"post-3485","1":"product","2":"type-product","3":"status-publish","4":"has-post-thumbnail","6":"product_cat-losion-za-tijelo","7":"product_cat-njega-tijela","8":"product_cat-tijelo","10":"first","11":"instock","12":"purchasable","13":"product-type-simple"},"acf":[],"_links":{"self":[{"href":"https:\/\/estetika-paradiso.com\/hr\/wp-json\/wp\/v2\/product\/3485","targetHints":{"allow":["GET"]}}],"collection":[{"href":"https:\/\/estetika-paradiso.com\/hr\/wp-json\/wp\/v2\/product"}],"about":[{"href":"https:\/\/estetika-paradiso.com\/hr\/wp-json\/wp\/v2\/types\/product"}],"wp:featuredmedia":[{"embeddable":true,"href":"https:\/\/estetika-paradiso.com\/hr\/wp-json\/wp\/v2\/media\/2695"}],"wp:attachment":[{"href":"https:\/\/estetika-paradiso.com\/hr\/wp-json\/wp\/v2\/media?parent=3485"}],"wp:term":[{"taxonomy":"product_brand","embeddable":true,"href":"https:\/\/estetika-paradiso.com\/hr\/wp-json\/wp\/v2\/product_brand?post=3485"},{"taxonomy":"product_cat","embeddable":true,"href":"https:\/\/estetika-paradiso.com\/hr\/wp-json\/wp\/v2\/product_cat?post=3485"},{"taxonomy":"product_tag","embeddable":true,"href":"https:\/\/estetika-paradiso.com\/hr\/wp-json\/wp\/v2\/product_tag?post=3485"}],"curies":[{"name":"wp","href":"https:\/\/api.w.org\/{rel}","templated":true}]}}