{"id":3486,"date":"2025-02-18T21:26:47","date_gmt":"2025-02-18T20:26:47","guid":{"rendered":"https:\/\/estetika-paradiso.com\/product\/skin-perfect-mask\/"},"modified":"2025-05-26T09:09:52","modified_gmt":"2025-05-26T08:09:52","slug":"skin-perfect-mask","status":"publish","type":"product","link":"https:\/\/estetika-paradiso.com\/hr\/proizvod\/skin-perfect-mask\/","title":{"rendered":"SKIN PERFECT MASK"},"content":{"rendered":"","protected":false},"excerpt":{"rendered":"<p>Umirenu i dehidriranu ko\u017eu uta\u017eite maskom za savr\u0161enu ko\u017eu Comfort Zone Skin. Ova trenutno hidratantna maska izra\u0111ena je od bioceluloze dobivene fermentiranim kokosovim sokom, koja zbog svoje fine mre\u017easte strukture osigurava maksimalnu njegu i upijanje vlage. Maska je oblikovana tako da se savr\u0161eno prilago\u0111ava konturama lica, optimiziraju\u0107i nano\u0161enje i u\u010dinkovitost. Oboga\u0107ena je hidratantnim, umiruju\u0107im i detoksikacijskim sme\u0111im algama te oligosaharidima cikorije za u\u010dvr\u0161\u0107ivanje i pomla\u0111ivanje.<\/p>\n","protected":false},"featured_media":2067,"template":"","meta":{"_acf_changed":false,"inline_featured_image":false},"product_brand":[],"product_cat":[201,218,215,245,239],"product_tag":[],"class_list":{"0":"post-3486","1":"product","2":"type-product","3":"status-publish","4":"has-post-thumbnail","6":"product_cat-lice","7":"product_cat-maska-za-lice","8":"product_cat-njega-lica-hr","9":"product_cat-suha-koza-hr","10":"product_cat-tip-koze-hr","12":"first","13":"instock","14":"purchasable","15":"product-type-simple"},"acf":[],"_links":{"self":[{"href":"https:\/\/estetika-paradiso.com\/hr\/wp-json\/wp\/v2\/product\/3486","targetHints":{"allow":["GET"]}}],"collection":[{"href":"https:\/\/estetika-paradiso.com\/hr\/wp-json\/wp\/v2\/product"}],"about":[{"href":"https:\/\/estetika-paradiso.com\/hr\/wp-json\/wp\/v2\/types\/product"}],"wp:featuredmedia":[{"embeddable":true,"href":"https:\/\/estetika-paradiso.com\/hr\/wp-json\/wp\/v2\/media\/2067"}],"wp:attachment":[{"href":"https:\/\/estetika-paradiso.com\/hr\/wp-json\/wp\/v2\/media?parent=3486"}],"wp:term":[{"taxonomy":"product_brand","embeddable":true,"href":"https:\/\/estetika-paradiso.com\/hr\/wp-json\/wp\/v2\/product_brand?post=3486"},{"taxonomy":"product_cat","embeddable":true,"href":"https:\/\/estetika-paradiso.com\/hr\/wp-json\/wp\/v2\/product_cat?post=3486"},{"taxonomy":"product_tag","embeddable":true,"href":"https:\/\/estetika-paradiso.com\/hr\/wp-json\/wp\/v2\/product_tag?post=3486"}],"curies":[{"name":"wp","href":"https:\/\/api.w.org\/{rel}","templated":true}]}}