{"id":3493,"date":"2025-02-18T21:26:47","date_gmt":"2025-02-18T20:26:47","guid":{"rendered":"https:\/\/estetika-paradiso.com\/product\/body-strategist-cream-gel\/"},"modified":"2025-05-26T09:46:12","modified_gmt":"2025-05-26T08:46:12","slug":"body-strategist-cream-gel","status":"publish","type":"product","link":"https:\/\/estetika-paradiso.com\/hr\/proizvod\/body-strategist-cream-gel\/","title":{"rendered":"BODY STRATEGIST CREAM GEL"},"content":{"rendered":"","protected":false},"excerpt":{"rendered":"<p>Ekstrakt crnog papra, koji se koristi i u farmaceutskim proizvodima, ima izuzetnu sposobnost pove\u0107anja apsorpcije aktivnih sastojaka kroz epidermis, \u010dine\u0107i ih aktivnijima u jako koncentriranoj i lako upijaju\u0107oj kremi za pobolj\u0161anje nepravilnosti celulita. Kofein i karnitin djeluju sinergijski: sprje\u010davaju talo\u017eenje masti u adipocitima i poti\u010du apsorpciju masti u mitohondrijima za vidljiv redukcijski u\u010dinak. Seanamin\u2122, ekskluzivni morski kompleks, poti\u010de osmotsko djelovanje, reapsorpciju edema te u sinergiji s escinom, koji \u0161titi krvne \u017eile, pobolj\u0161ava mikrocirkulaciju ko\u017ee. Adipoless\u2122 je inovativni derivat kvinoje, biljke porijeklom iz Ju\u017ene Amerike, koji sprje\u010dava nastanak novih nakupina masnog tkiva inhibiranjem zrenja adipocita. Koli\u010dina: 200 ml<\/p>\n","protected":false},"featured_media":2676,"template":"","meta":{"_acf_changed":false,"inline_featured_image":false},"product_brand":[],"product_cat":[258,256,269,255],"product_tag":[],"class_list":{"0":"post-3493","1":"product","2":"type-product","3":"status-publish","4":"has-post-thumbnail","6":"product_cat-krema-za-tijelo","7":"product_cat-njega-tijela","8":"product_cat-strije-i-celulit","9":"product_cat-tijelo","11":"first","12":"instock","13":"purchasable","14":"product-type-simple"},"acf":[],"_links":{"self":[{"href":"https:\/\/estetika-paradiso.com\/hr\/wp-json\/wp\/v2\/product\/3493","targetHints":{"allow":["GET"]}}],"collection":[{"href":"https:\/\/estetika-paradiso.com\/hr\/wp-json\/wp\/v2\/product"}],"about":[{"href":"https:\/\/estetika-paradiso.com\/hr\/wp-json\/wp\/v2\/types\/product"}],"wp:featuredmedia":[{"embeddable":true,"href":"https:\/\/estetika-paradiso.com\/hr\/wp-json\/wp\/v2\/media\/2676"}],"wp:attachment":[{"href":"https:\/\/estetika-paradiso.com\/hr\/wp-json\/wp\/v2\/media?parent=3493"}],"wp:term":[{"taxonomy":"product_brand","embeddable":true,"href":"https:\/\/estetika-paradiso.com\/hr\/wp-json\/wp\/v2\/product_brand?post=3493"},{"taxonomy":"product_cat","embeddable":true,"href":"https:\/\/estetika-paradiso.com\/hr\/wp-json\/wp\/v2\/product_cat?post=3493"},{"taxonomy":"product_tag","embeddable":true,"href":"https:\/\/estetika-paradiso.com\/hr\/wp-json\/wp\/v2\/product_tag?post=3493"}],"curies":[{"name":"wp","href":"https:\/\/api.w.org\/{rel}","templated":true}]}}