{"id":3499,"date":"2025-02-18T21:26:47","date_gmt":"2025-02-18T20:26:47","guid":{"rendered":"https:\/\/estetika-paradiso.com\/product\/micro-foam-cleanser\/"},"modified":"2025-05-26T09:53:14","modified_gmt":"2025-05-26T08:53:14","slug":"micro-foam-cleanser","status":"publish","type":"product","link":"https:\/\/estetika-paradiso.com\/hr\/proizvod\/micro-foam-cleanser\/","title":{"rendered":"MICRO FOAM CLEANSER"},"content":{"rendered":"","protected":false},"excerpt":{"rendered":"<p>MICRO FOAM CLEANSER je nje\u017ena, blago mirisna mikro pjena koja \u010disti ko\u017eu, a zbog visokog sadr\u017eaja aloe vera gela i pantenola ima i njeguju\u0107e djelovanje. Pogodna je i za osjetljivu ko\u017eu. \u010cistilni proizvod ima neutralan pH za ko\u017eu. Pakiranje: 50 ml ili 150 ml<\/p>\n","protected":false},"featured_media":2085,"template":"","meta":{"_acf_changed":false,"inline_featured_image":false},"product_brand":[],"product_cat":[246,201,240,241,242,243,249,245,239],"product_tag":[],"class_list":{"0":"post-3499","1":"product","2":"type-product","3":"status-publish","4":"has-post-thumbnail","6":"product_cat-ciscenje-lica","7":"product_cat-lice","8":"product_cat-masna-koza","9":"product_cat-mjesovita-koza","10":"product_cat-normalna-koza-hr","11":"product_cat-osjetljiva-koza","12":"product_cat-pjena-za-ciscenje","13":"product_cat-suha-koza-hr","14":"product_cat-tip-koze-hr","16":"first","17":"instock","18":"purchasable","19":"product-type-variable"},"acf":[],"_links":{"self":[{"href":"https:\/\/estetika-paradiso.com\/hr\/wp-json\/wp\/v2\/product\/3499","targetHints":{"allow":["GET"]}}],"collection":[{"href":"https:\/\/estetika-paradiso.com\/hr\/wp-json\/wp\/v2\/product"}],"about":[{"href":"https:\/\/estetika-paradiso.com\/hr\/wp-json\/wp\/v2\/types\/product"}],"wp:featuredmedia":[{"embeddable":true,"href":"https:\/\/estetika-paradiso.com\/hr\/wp-json\/wp\/v2\/media\/2085"}],"wp:attachment":[{"href":"https:\/\/estetika-paradiso.com\/hr\/wp-json\/wp\/v2\/media?parent=3499"}],"wp:term":[{"taxonomy":"product_brand","embeddable":true,"href":"https:\/\/estetika-paradiso.com\/hr\/wp-json\/wp\/v2\/product_brand?post=3499"},{"taxonomy":"product_cat","embeddable":true,"href":"https:\/\/estetika-paradiso.com\/hr\/wp-json\/wp\/v2\/product_cat?post=3499"},{"taxonomy":"product_tag","embeddable":true,"href":"https:\/\/estetika-paradiso.com\/hr\/wp-json\/wp\/v2\/product_tag?post=3499"}],"curies":[{"name":"wp","href":"https:\/\/api.w.org\/{rel}","templated":true}]}}