{"id":3501,"date":"2025-02-18T21:26:47","date_gmt":"2025-02-18T20:26:47","guid":{"rendered":"https:\/\/estetika-paradiso.com\/product\/fresh-eyes\/"},"modified":"2025-05-26T09:57:45","modified_gmt":"2025-05-26T08:57:45","slug":"fresh-eyes","status":"publish","type":"product","link":"https:\/\/estetika-paradiso.com\/hr\/proizvod\/fresh-eyes\/","title":{"rendered":"FRESH EYES"},"content":{"rendered":"","protected":false},"excerpt":{"rendered":"<p>FRESH EYES Roll-on serum za podru\u010dje oko o\u010diju sadr\u017ei 8 aktivnih sastojaka i kratkoveri\u017enu hijaluronsku kiselinu, koji svaki na svoj na\u010din doprinose smanjenju podo\u010dnjaka, nate\u010denosti i bora oko o\u010diju. Proizvod ima izvanredan sastav jer uklju\u010duje kombinaciju dva signalna peptida i ekstrakt tigrove trave (Centella asiatica), koji smanjuju nate\u010denost i podo\u010dnjake. Serum tako\u0111er sadr\u017ei ekstrakt svilene albicije koji pru\u017ea senzacionalni lifting efekt, te visoku koncentraciju vitamina B3 koji pobolj\u0161ava za\u0161titni sloj ko\u017ee. Serum sadr\u017ei i trokserutin, koji je lovac na slobodne radikale i ja\u010da kapilare. Dio seruma je i derivat mentola, koji stvara trenuta\u010dan osje\u0107aj hla\u0111enja i dugotrajne svje\u017eine. Pakiranje: 10 ml roll-on bo\u010dica.<\/p>\n","protected":false},"featured_media":2101,"template":"","meta":{"_acf_changed":false,"inline_featured_image":false},"product_brand":[],"product_cat":[201,225,229],"product_tag":[],"class_list":{"0":"post-3501","1":"product","2":"type-product","3":"status-publish","4":"has-post-thumbnail","6":"product_cat-lice","7":"product_cat-njega-podrucja-oko-ociju","8":"product_cat-serum-za-podrucje-oko-ociju","10":"first","11":"instock","12":"purchasable","13":"product-type-simple"},"acf":[],"_links":{"self":[{"href":"https:\/\/estetika-paradiso.com\/hr\/wp-json\/wp\/v2\/product\/3501","targetHints":{"allow":["GET"]}}],"collection":[{"href":"https:\/\/estetika-paradiso.com\/hr\/wp-json\/wp\/v2\/product"}],"about":[{"href":"https:\/\/estetika-paradiso.com\/hr\/wp-json\/wp\/v2\/types\/product"}],"wp:featuredmedia":[{"embeddable":true,"href":"https:\/\/estetika-paradiso.com\/hr\/wp-json\/wp\/v2\/media\/2101"}],"wp:attachment":[{"href":"https:\/\/estetika-paradiso.com\/hr\/wp-json\/wp\/v2\/media?parent=3501"}],"wp:term":[{"taxonomy":"product_brand","embeddable":true,"href":"https:\/\/estetika-paradiso.com\/hr\/wp-json\/wp\/v2\/product_brand?post=3501"},{"taxonomy":"product_cat","embeddable":true,"href":"https:\/\/estetika-paradiso.com\/hr\/wp-json\/wp\/v2\/product_cat?post=3501"},{"taxonomy":"product_tag","embeddable":true,"href":"https:\/\/estetika-paradiso.com\/hr\/wp-json\/wp\/v2\/product_tag?post=3501"}],"curies":[{"name":"wp","href":"https:\/\/api.w.org\/{rel}","templated":true}]}}