{"id":3513,"date":"2025-02-18T21:26:47","date_gmt":"2025-02-18T20:26:47","guid":{"rendered":"https:\/\/estetika-paradiso.com\/product\/lms-night-cream-retin-x\/"},"modified":"2025-05-26T10:08:37","modified_gmt":"2025-05-26T09:08:37","slug":"lms-night-cream-retin-x","status":"publish","type":"product","link":"https:\/\/estetika-paradiso.com\/hr\/proizvod\/lms-night-cream-retin-x\/","title":{"rendered":"LMS NIGHT CREAM RETIN X"},"content":{"rendered":"","protected":false},"excerpt":{"rendered":"<p>LMS NIGHT CREAM RETIN X je no\u0107na krema pogodna za sve tipove ko\u017ee. Sadr\u017ei sve elemente u\u010dinkovite anti-aging njege koji utje\u010du na smanjenje postoje\u0107ih nedostataka ko\u017ee. No\u0107na krema s jedinstvenim i stabilnim derivatom retinojske kiseline koja djeluje dvostruko br\u017ee od retinola i iznimno je kompatibilna s ko\u017eom. Ko\u017eu pomla\u0111uje, posvjetljuje i \u0161titi od ne\u010disto\u0107a. Krema bez emulgatora za za\u0161titu i obnovu prirodne epidermalne lipidne barijere, koja sadr\u017ei dva signalna peptida za zagla\u0111ivanje bora (poja\u010diva\u010de elastina i kolagena). Pakiranje: dozirka 15 ml<\/p>\n","protected":false},"featured_media":2092,"template":"","meta":{"_acf_changed":false,"inline_featured_image":false},"product_brand":[],"product_cat":[201,240,241,260,215,256,220,242,245,255,239],"product_tag":[],"class_list":{"0":"post-3513","1":"product","2":"type-product","3":"status-publish","4":"has-post-thumbnail","6":"product_cat-lice","7":"product_cat-masna-koza","8":"product_cat-mjesovita-koza","9":"product_cat-njega-dekoltea-i-poprsja","10":"product_cat-njega-lica-hr","11":"product_cat-njega-tijela","12":"product_cat-nocne-kreme-hr","13":"product_cat-normalna-koza-hr","14":"product_cat-suha-koza-hr","15":"product_cat-tijelo","16":"product_cat-tip-koze-hr","18":"first","19":"instock","20":"purchasable","21":"product-type-simple"},"acf":[],"_links":{"self":[{"href":"https:\/\/estetika-paradiso.com\/hr\/wp-json\/wp\/v2\/product\/3513","targetHints":{"allow":["GET"]}}],"collection":[{"href":"https:\/\/estetika-paradiso.com\/hr\/wp-json\/wp\/v2\/product"}],"about":[{"href":"https:\/\/estetika-paradiso.com\/hr\/wp-json\/wp\/v2\/types\/product"}],"wp:featuredmedia":[{"embeddable":true,"href":"https:\/\/estetika-paradiso.com\/hr\/wp-json\/wp\/v2\/media\/2092"}],"wp:attachment":[{"href":"https:\/\/estetika-paradiso.com\/hr\/wp-json\/wp\/v2\/media?parent=3513"}],"wp:term":[{"taxonomy":"product_brand","embeddable":true,"href":"https:\/\/estetika-paradiso.com\/hr\/wp-json\/wp\/v2\/product_brand?post=3513"},{"taxonomy":"product_cat","embeddable":true,"href":"https:\/\/estetika-paradiso.com\/hr\/wp-json\/wp\/v2\/product_cat?post=3513"},{"taxonomy":"product_tag","embeddable":true,"href":"https:\/\/estetika-paradiso.com\/hr\/wp-json\/wp\/v2\/product_tag?post=3513"}],"curies":[{"name":"wp","href":"https:\/\/api.w.org\/{rel}","templated":true}]}}