{"id":3525,"date":"2025-02-18T21:26:47","date_gmt":"2025-02-18T20:26:47","guid":{"rendered":"https:\/\/estetika-paradiso.com\/product\/facial-tonic\/"},"modified":"2025-05-26T10:49:27","modified_gmt":"2025-05-26T09:49:27","slug":"facial-tonic","status":"publish","type":"product","link":"https:\/\/estetika-paradiso.com\/hr\/proizvod\/facial-tonic\/","title":{"rendered":"FACIAL TONIC"},"content":{"rendered":"","protected":false},"excerpt":{"rendered":"<p>Tonik za lice FACIAL TONIC je osvje\u017eavaju\u0107a vodica koja dodatno \u010disti, osvje\u017eava, umiruje ko\u017eu i priprema je za bolje upijanje aktivnih sastojaka (HYA gelova i LIA C 6\u00ae krema), \u010dime pobolj\u0161ava njihovu u\u010dinkovitost. Proizvod sadr\u017ei pantenol koji osvje\u017eava ko\u017eu, dok aloe vera i hamamelis umiruju ko\u017eu. Budu\u0107i da je enzimatska aktivnost u ko\u017ei bolja pri niskom pH, Dr.E.Voss FACIAL TONIC ima pH 4,8. Pakiranje: 250 ml<\/p>\n","protected":false},"featured_media":2090,"template":"","meta":{"_acf_changed":false,"inline_featured_image":false},"product_brand":[],"product_cat":[246,201,248],"product_tag":[],"class_list":{"0":"post-3525","1":"product","2":"type-product","3":"status-publish","4":"has-post-thumbnail","6":"product_cat-ciscenje-lica","7":"product_cat-lice","8":"product_cat-tonik-za-lice","10":"first","11":"instock","12":"purchasable","13":"product-type-simple"},"acf":[],"_links":{"self":[{"href":"https:\/\/estetika-paradiso.com\/hr\/wp-json\/wp\/v2\/product\/3525","targetHints":{"allow":["GET"]}}],"collection":[{"href":"https:\/\/estetika-paradiso.com\/hr\/wp-json\/wp\/v2\/product"}],"about":[{"href":"https:\/\/estetika-paradiso.com\/hr\/wp-json\/wp\/v2\/types\/product"}],"wp:featuredmedia":[{"embeddable":true,"href":"https:\/\/estetika-paradiso.com\/hr\/wp-json\/wp\/v2\/media\/2090"}],"wp:attachment":[{"href":"https:\/\/estetika-paradiso.com\/hr\/wp-json\/wp\/v2\/media?parent=3525"}],"wp:term":[{"taxonomy":"product_brand","embeddable":true,"href":"https:\/\/estetika-paradiso.com\/hr\/wp-json\/wp\/v2\/product_brand?post=3525"},{"taxonomy":"product_cat","embeddable":true,"href":"https:\/\/estetika-paradiso.com\/hr\/wp-json\/wp\/v2\/product_cat?post=3525"},{"taxonomy":"product_tag","embeddable":true,"href":"https:\/\/estetika-paradiso.com\/hr\/wp-json\/wp\/v2\/product_tag?post=3525"}],"curies":[{"name":"wp","href":"https:\/\/api.w.org\/{rel}","templated":true}]}}